{"id":131,"date":"2016-09-21T13:10:05","date_gmt":"2016-09-21T11:10:05","guid":{"rendered":"http:\/\/www.tedxpantheonassas.fr\/?page_id=131"},"modified":"2023-03-04T19:01:32","modified_gmt":"2023-03-04T18:01:32","slug":"lequipe","status":"publish","type":"page","link":"https:\/\/www.tedxpantheonassas.fr\/index.php\/lequipe\/","title":{"rendered":"\u00c9quipe 2018\/2019"},"content":{"rendered":"<p style=\"text-align: center;\"><div class=\"tmm tmm_9\"><div class=\"tmm_2_columns tmm_wrap tmm_plugin_f\"><span class=\"tmm_two_containers_tablet\"><\/span><div class=\"tmm_container\"><div class=\"tmm_member\" style=\"border-top:#e62b1e solid 5px;\"><div class=\"tmm_photo tmm_pic_9_0\" style=\"background: url(http:\/\/www.tedxpantheonassas.fr\/wp-content\/uploads\/2019\/04\/58635784_283045799299421_6164100122205487104_n-1.jpg); margin-left: auto; margin-right:auto; background-size:cover !important;\"><\/div><div class=\"tmm_textblock\"><div class=\"tmm_names\"><span class=\"tmm_fname\">L\u00e9a<\/span> <span class=\"tmm_lname\">Kassab<\/span><\/div><div class=\"tmm_job\">Pr\u00e9sidente<\/div><div class=\"tmm_scblock\"><a target=\"_blank\" class=\"tmm_sociallink\" href=\"\" title=\"\"><img alt=\"\" src=\"https:\/\/www.tedxpantheonassas.fr\/wp-content\/plugins\/team-members\/inc\/img\/links\/customlink.png\"\/><\/a><a class=\"tmm_sociallink\" href=\"mailto:leakassab17@hotmail.com\" title=\"\"><img alt=\"\" src=\"https:\/\/www.tedxpantheonassas.fr\/wp-content\/plugins\/team-members\/inc\/img\/links\/email.png\"\/><\/a><\/div><\/div><\/div><div class=\"tmm_member\" style=\"border-top:#e62b1e solid 5px;\"><div class=\"tmm_photo tmm_pic_9_1\" style=\"background: url(http:\/\/www.tedxpantheonassas.fr\/wp-content\/uploads\/2019\/04\/59401118_1297252233757645_5091762666611933184_n.jpg); margin-left: auto; margin-right:auto; background-size:cover !important;\"><\/div><div class=\"tmm_textblock\"><div class=\"tmm_names\"><span class=\"tmm_fname\">Emmanuelle<\/span> <span class=\"tmm_lname\">Sidi-Brette<\/span><\/div><div class=\"tmm_job\">Vice Pr\u00e9sidente<\/div><div class=\"tmm_scblock\"><a target=\"_blank\" class=\"tmm_sociallink\" href=\"\" title=\"\"><img alt=\"\" src=\"https:\/\/www.tedxpantheonassas.fr\/wp-content\/plugins\/team-members\/inc\/img\/links\/customlink.png\"\/><\/a><a class=\"tmm_sociallink\" href=\"mailto:\" title=\"\"><img alt=\"\" src=\"https:\/\/www.tedxpantheonassas.fr\/wp-content\/plugins\/team-members\/inc\/img\/links\/email.png\"\/><\/a><\/div><\/div><\/div><span class=\"tmm_two_containers_tablet\"><\/span><\/div><span class=\"tmm_columns_containers_desktop\"><\/span><div class=\"tmm_container\"><div class=\"tmm_member\" style=\"border-top:#e62b1e solid 5px;\"><div class=\"tmm_photo tmm_pic_9_2\" style=\"background: url(http:\/\/www.tedxpantheonassas.fr\/wp-content\/uploads\/2019\/04\/45563359_418888185309860_7988088156320694272_n-1.jpeg); margin-left: auto; margin-right:auto; background-size:cover !important;\"><\/div><div class=\"tmm_textblock\"><div class=\"tmm_names\"><span class=\"tmm_fname\">Ya\u00ebl<\/span> <span class=\"tmm_lname\">Michel<\/span><\/div><div class=\"tmm_job\">Secr\u00e9taire g\u00e9n\u00e9ral &amp; Tr\u00e9sorier<\/div><div class=\"tmm_scblock\"><a target=\"_blank\" class=\"tmm_sociallink\" href=\"\" title=\"\"><img alt=\"\" src=\"https:\/\/www.tedxpantheonassas.fr\/wp-content\/plugins\/team-members\/inc\/img\/links\/customlink.png\"\/><\/a><a class=\"tmm_sociallink\" href=\"mailto:yael1306@gmail.com\" title=\"\"><img alt=\"\" src=\"https:\/\/www.tedxpantheonassas.fr\/wp-content\/plugins\/team-members\/inc\/img\/links\/email.png\"\/><\/a><\/div><\/div><\/div><div style=\"clear:both;\"><\/div><\/div><\/div><\/div><\/p>\n<p style=\"text-align: center;\"><div class=\"tmm tmm_11\"><div class=\"tmm_2_columns tmm_wrap tmm_plugin_f\"><span class=\"tmm_two_containers_tablet\"><\/span><div class=\"tmm_container\"><div class=\"tmm_member\" style=\"border-top:#e62b1e solid 5px;\"><div class=\"tmm_photo tmm_pic_11_0\" style=\"background: url(http:\/\/www.tedxpantheonassas.fr\/wp-content\/uploads\/2017\/12\/24826015_10215539311182200_1429484892_o.jpg); margin-left: auto; margin-right:auto; background-size:cover !important;\"><\/div><div class=\"tmm_textblock\"><div class=\"tmm_names\"><span class=\"tmm_fname\">Nicolas<\/span> <span class=\"tmm_lname\">Morel<\/span><\/div><div class=\"tmm_job\">Responsable p\u00f4le speakers<\/div><div class=\"tmm_scblock\"><a class=\"tmm_sociallink\" href=\"mailto:npv.morel@gmail.com\" title=\"\"><img alt=\"\" src=\"https:\/\/www.tedxpantheonassas.fr\/wp-content\/plugins\/team-members\/inc\/img\/links\/email.png\"\/><\/a><\/div><\/div><\/div><div class=\"tmm_member\" style=\"border-top:#e62b1e solid 5px;\"><div class=\"tmm_photo tmm_pic_11_1\" style=\"background: url(http:\/\/www.tedxpantheonassas.fr\/wp-content\/uploads\/2019\/04\/58781453_425032958275964_2937371800666898432_n.jpg); margin-left: auto; margin-right:auto; background-size:cover !important;\"><\/div><div class=\"tmm_textblock\"><div class=\"tmm_names\"><span class=\"tmm_fname\">Matthieu<\/span> <span class=\"tmm_lname\">Duvacher<\/span><\/div><div class=\"tmm_job\">Co-responsable p\u00f4le speakers<\/div><div class=\"tmm_scblock\"><a class=\"tmm_sociallink\" href=\"mailto:\" title=\"\"><img alt=\"\" src=\"https:\/\/www.tedxpantheonassas.fr\/wp-content\/plugins\/team-members\/inc\/img\/links\/email.png\"\/><\/a><\/div><\/div><\/div><span class=\"tmm_two_containers_tablet\"><\/span><\/div><span class=\"tmm_columns_containers_desktop\"><\/span><div class=\"tmm_container\"><div class=\"tmm_member\" style=\"border-top:#e62b1e solid 5px;\"><div class=\"tmm_photo tmm_pic_11_2\" style=\"background: url(http:\/\/www.tedxpantheonassas.fr\/wp-content\/uploads\/2019\/04\/58419926_328014067910442_5114955661809025024_n.jpg); margin-left: auto; margin-right:auto; background-size:cover !important;\"><\/div><div class=\"tmm_textblock\"><div class=\"tmm_names\"><span class=\"tmm_fname\">Aymeric<\/span> <span class=\"tmm_lname\">Bourguignat<\/span><\/div><div class=\"tmm_job\">Co-responsable p\u00f4le speakers<\/div><div class=\"tmm_scblock\"><a class=\"tmm_sociallink\" href=\"mailto:\" title=\"\"><img alt=\"\" src=\"https:\/\/www.tedxpantheonassas.fr\/wp-content\/plugins\/team-members\/inc\/img\/links\/email.png\"\/><\/a><\/div><\/div><\/div><div class=\"tmm_member\" style=\"border-top:#e62b1e solid 5px;\"><div class=\"tmm_photo tmm_pic_11_3\" style=\"background: url(http:\/\/www.tedxpantheonassas.fr\/wp-content\/uploads\/2019\/04\/57989016_397872100944345_2028635529188212736_n.jpg); margin-left: auto; margin-right:auto; background-size:cover !important;\"><\/div><div class=\"tmm_textblock\"><div class=\"tmm_names\"><span class=\"tmm_fname\">Andr\u00e9as<\/span> <span class=\"tmm_lname\">Monteux<\/span><\/div><div class=\"tmm_job\">Co-responsable p\u00f4le speakers<\/div><div class=\"tmm_scblock\"><a class=\"tmm_sociallink\" href=\"mailto:\" title=\"\"><img alt=\"\" src=\"https:\/\/www.tedxpantheonassas.fr\/wp-content\/plugins\/team-members\/inc\/img\/links\/email.png\"\/><\/a><\/div><\/div><\/div><span class=\"tmm_two_containers_tablet\"><\/span><\/div><span class=\"tmm_columns_containers_desktop\"><\/span><div class=\"tmm_container\"><div class=\"tmm_member\" style=\"border-top:#e62b1e solid 5px;\"><div class=\"tmm_photo tmm_pic_11_4\" style=\"background: url(http:\/\/www.tedxpantheonassas.fr\/wp-content\/uploads\/2019\/04\/58019489_418319852292505_4613957119824101376_n.jpg); margin-left: auto; margin-right:auto; background-size:cover !important;\"><\/div><div class=\"tmm_textblock\"><div class=\"tmm_names\"><span class=\"tmm_fname\">B\u00e9r\u00e9nice <\/span> <span class=\"tmm_lname\">Cassingena<\/span><\/div><div class=\"tmm_job\">Co-responsable p\u00f4le speakers<\/div><div class=\"tmm_scblock\"><a class=\"tmm_sociallink\" href=\"mailto:\" title=\"\"><img alt=\"\" src=\"https:\/\/www.tedxpantheonassas.fr\/wp-content\/plugins\/team-members\/inc\/img\/links\/email.png\"\/><\/a><\/div><\/div><\/div><div class=\"tmm_member\" style=\"border-top:#e62b1e solid 5px;\"><div class=\"tmm_photo tmm_pic_11_5\" style=\"background: url(http:\/\/www.tedxpantheonassas.fr\/wp-content\/uploads\/2019\/04\/28423858_1457044224439853_1262586164395534157_o.jpg); margin-left: auto; margin-right:auto; background-size:cover !important;\"><\/div><div class=\"tmm_textblock\"><div class=\"tmm_names\"><span class=\"tmm_fname\">Nikolas<\/span> <span class=\"tmm_lname\">Papadopoulos<\/span><\/div><div class=\"tmm_job\">Co-responsable p\u00f4le speakers<\/div><div class=\"tmm_scblock\"><a class=\"tmm_sociallink\" href=\"mailto:\" title=\"\"><img alt=\"\" src=\"https:\/\/www.tedxpantheonassas.fr\/wp-content\/plugins\/team-members\/inc\/img\/links\/email.png\"\/><\/a><\/div><\/div><\/div><div style=\"clear:both;\"><\/div><\/div><\/div><\/div><\/p>\n<p style=\"text-align: center;\"><div class=\"tmm tmm_pole-sponsors\"><div class=\"tmm_2_columns tmm_wrap tmm_plugin_f\"><span class=\"tmm_two_containers_tablet\"><\/span><div class=\"tmm_container\"><div class=\"tmm_member\" style=\"border-top:#e62b1e solid 5px;\"><div class=\"tmm_photo tmm_pic_pole-sponsors_0\" style=\"background: url(http:\/\/www.tedxpantheonassas.fr\/wp-content\/uploads\/2019\/04\/58570749_416224765836004_3097706593433681920_n.jpg); margin-left: auto; margin-right:auto; background-size:cover !important;\"><\/div><div class=\"tmm_textblock\"><div class=\"tmm_names\"><span class=\"tmm_fname\">Pauline<\/span> <span class=\"tmm_lname\">Riera<\/span><\/div><div class=\"tmm_job\">Responsable du p\u00f4le partenariats<\/div><div class=\"tmm_scblock\"><a class=\"tmm_sociallink\" href=\"mailto:\" title=\"\"><img alt=\"\" src=\"https:\/\/www.tedxpantheonassas.fr\/wp-content\/plugins\/team-members\/inc\/img\/links\/email.png\"\/><\/a><a target=\"_blank\" class=\"tmm_sociallink\" href=\"\" title=\"\"><img alt=\"\" src=\"https:\/\/www.tedxpantheonassas.fr\/wp-content\/plugins\/team-members\/inc\/img\/links\/customlink.png\"\/><\/a><\/div><\/div><\/div><div class=\"tmm_member\" style=\"border-top:#e62b1e solid 5px;\"><div class=\"tmm_photo tmm_pic_pole-sponsors_1\" style=\"background: url(http:\/\/www.tedxpantheonassas.fr\/wp-content\/uploads\/2019\/04\/26758057_1484375998346816_558650652836336298_o.jpeg); margin-left: auto; margin-right:auto; background-size:cover !important;\"><\/div><div class=\"tmm_textblock\"><div class=\"tmm_names\"><span class=\"tmm_fname\">Axel<\/span> <span class=\"tmm_lname\">Keba\u00efli <\/span><\/div><div class=\"tmm_job\">Co-responsable p\u00f4le partenariats<\/div><div class=\"tmm_scblock\"><a class=\"tmm_sociallink\" href=\"mailto:\" title=\"\"><img alt=\"\" src=\"https:\/\/www.tedxpantheonassas.fr\/wp-content\/plugins\/team-members\/inc\/img\/links\/email.png\"\/><\/a><\/div><\/div><\/div><span class=\"tmm_two_containers_tablet\"><\/span><\/div><span class=\"tmm_columns_containers_desktop\"><\/span><div class=\"tmm_container\"><div class=\"tmm_member\" style=\"border-top:#e62b1e solid 5px;\"><div class=\"tmm_photo tmm_pic_pole-sponsors_2\" style=\"background: url(http:\/\/www.tedxpantheonassas.fr\/wp-content\/uploads\/2019\/04\/57882449_423370371785399_8344267569384914944_n.jpg); margin-left: auto; margin-right:auto; background-size:cover !important;\"><\/div><div class=\"tmm_textblock\"><div class=\"tmm_names\"><span class=\"tmm_fname\">Louis<\/span> <span class=\"tmm_lname\">De Saint Pierre<\/span><\/div><div class=\"tmm_job\">Co-responsable p\u00f4le partenariats<\/div><div class=\"tmm_scblock\"><a class=\"tmm_sociallink\" href=\"mailto:\" title=\"\"><img alt=\"\" src=\"https:\/\/www.tedxpantheonassas.fr\/wp-content\/plugins\/team-members\/inc\/img\/links\/email.png\"\/><\/a><\/div><\/div><\/div><div class=\"tmm_member\" style=\"border-top:#e62b1e solid 5px;\"><div class=\"tmm_photo tmm_pic_pole-sponsors_3\" style=\"background: url(http:\/\/www.tedxpantheonassas.fr\/wp-content\/uploads\/2019\/04\/58462495_655182844935793_2954085721733857280_n.jpg); margin-left: auto; margin-right:auto; background-size:cover !important;\"><\/div><div class=\"tmm_textblock\"><div class=\"tmm_names\"><span class=\"tmm_fname\">Matthias<\/span> <span class=\"tmm_lname\">Cohen<\/span><\/div><div class=\"tmm_job\">Co-responsable p\u00f4le partenariats<\/div><div class=\"tmm_scblock\"><a class=\"tmm_sociallink\" href=\"mailto:\" title=\"\"><img alt=\"\" src=\"https:\/\/www.tedxpantheonassas.fr\/wp-content\/plugins\/team-members\/inc\/img\/links\/email.png\"\/><\/a><\/div><\/div><\/div><span class=\"tmm_two_containers_tablet\"><\/span><\/div><span class=\"tmm_columns_containers_desktop\"><\/span><div class=\"tmm_container\"><div class=\"tmm_member\" style=\"border-top:#e62b1e solid 5px;\"><div class=\"tmm_photo tmm_pic_pole-sponsors_4\" style=\"background: url(http:\/\/www.tedxpantheonassas.fr\/wp-content\/uploads\/2019\/04\/57738870_2403524489875496_3779728034030944256_n.jpg); margin-left: auto; margin-right:auto; background-size:cover !important;\"><\/div><div class=\"tmm_textblock\"><div class=\"tmm_names\"><span class=\"tmm_fname\">Lou-Anna<\/span> <span class=\"tmm_lname\">B\u00e9naud<\/span><\/div><div class=\"tmm_job\">Co-responsable p\u00f4le partenariats<\/div><div class=\"tmm_scblock\"><a class=\"tmm_sociallink\" href=\"mailto:\" title=\"\"><img alt=\"\" src=\"https:\/\/www.tedxpantheonassas.fr\/wp-content\/plugins\/team-members\/inc\/img\/links\/email.png\"\/><\/a><\/div><\/div><\/div><div style=\"clear:both;\"><\/div><\/div><\/div><\/div><\/p>\n<p style=\"text-align: center;\"><div class=\"tmm tmm_pole-logistique\"><div class=\"tmm_2_columns tmm_wrap tmm_plugin_f\"><span class=\"tmm_two_containers_tablet\"><\/span><div class=\"tmm_container\"><div class=\"tmm_member\" style=\"border-top:#e62b1e solid 5px;\"><div class=\"tmm_photo tmm_pic_pole-logistique_0\" style=\"background: url(http:\/\/www.tedxpantheonassas.fr\/wp-content\/uploads\/2017\/12\/24819231_10215539311462207_1094907075_o.jpg); margin-left: auto; margin-right:auto; background-size:cover !important;\"><\/div><div class=\"tmm_textblock\"><div class=\"tmm_names\"><span class=\"tmm_fname\">Antoine<\/span> <span class=\"tmm_lname\">Albouy<\/span><\/div><div class=\"tmm_job\">Responsable p\u00f4le logistique<\/div><div class=\"tmm_scblock\"><a class=\"tmm_sociallink\" href=\"mailto:antoine-albouy@orange.fr\" title=\"\"><img alt=\"\" src=\"https:\/\/www.tedxpantheonassas.fr\/wp-content\/plugins\/team-members\/inc\/img\/links\/email.png\"\/><\/a><a target=\"_blank\" class=\"tmm_sociallink\" href=\"https:\/\/www.linkedin.com\/in\/antoine-albouy-8a8595113\/\" title=\"\"><img alt=\"\" src=\"https:\/\/www.tedxpantheonassas.fr\/wp-content\/plugins\/team-members\/inc\/img\/links\/customlink.png\"\/><\/a><\/div><\/div><\/div><div class=\"tmm_member\" style=\"border-top:#e62b1e solid 5px;\"><div class=\"tmm_photo tmm_pic_pole-logistique_1\" style=\"background: url(http:\/\/www.tedxpantheonassas.fr\/wp-content\/uploads\/2019\/04\/57649184_314737509206789_3134104130574876672_n.jpg); margin-left: auto; margin-right:auto; background-size:cover !important;\"><\/div><div class=\"tmm_textblock\"><div class=\"tmm_names\"><span class=\"tmm_fname\">B\u00e9r\u00e9nice<\/span> <span class=\"tmm_lname\">Villetelle<\/span><\/div><div class=\"tmm_job\">Responsable p\u00f4le logistique<\/div><div class=\"tmm_scblock\"><a class=\"tmm_sociallink\" href=\"mailto:\" title=\"\"><img alt=\"\" src=\"https:\/\/www.tedxpantheonassas.fr\/wp-content\/plugins\/team-members\/inc\/img\/links\/email.png\"\/><\/a><\/div><\/div><\/div><span class=\"tmm_two_containers_tablet\"><\/span><\/div><span class=\"tmm_columns_containers_desktop\"><\/span><div class=\"tmm_container\"><div class=\"tmm_member\" style=\"border-top:#e62b1e solid 5px;\"><div class=\"tmm_photo tmm_pic_pole-logistique_2\" style=\"background: url(http:\/\/www.tedxpantheonassas.fr\/wp-content\/uploads\/2019\/04\/57935953_2331673287111003_3517830115255910400_n.jpg); margin-left: auto; margin-right:auto; background-size:cover !important;\"><\/div><div class=\"tmm_textblock\"><div class=\"tmm_names\"><span class=\"tmm_fname\">Fanny <\/span> <span class=\"tmm_lname\">Ganeval<\/span><\/div><div class=\"tmm_job\">Co-responsable p\u00f4le logistique<\/div><div class=\"tmm_scblock\"><a class=\"tmm_sociallink\" href=\"mailto:\" title=\"\"><img alt=\"\" src=\"https:\/\/www.tedxpantheonassas.fr\/wp-content\/plugins\/team-members\/inc\/img\/links\/email.png\"\/><\/a><a target=\"_blank\" class=\"tmm_sociallink\" href=\"\" title=\"\"><img alt=\"\" src=\"https:\/\/www.tedxpantheonassas.fr\/wp-content\/plugins\/team-members\/inc\/img\/links\/customlink.png\"\/><\/a><\/div><\/div><\/div><div class=\"tmm_member\" style=\"border-top:#e62b1e solid 5px;\"><div class=\"tmm_photo tmm_pic_pole-logistique_3\" style=\"background: url(http:\/\/www.tedxpantheonassas.fr\/wp-content\/uploads\/2019\/04\/58372812_312655682748943_7991183711049613312_n-2.jpg); margin-left: auto; margin-right:auto; background-size:cover !important;\"><\/div><div class=\"tmm_textblock\"><div class=\"tmm_names\"><span class=\"tmm_fname\">Leila<\/span> <span class=\"tmm_lname\">Benmoussa<\/span><\/div><div class=\"tmm_job\">Co-responsable p\u00f4le logistique<\/div><div class=\"tmm_scblock\"><a class=\"tmm_sociallink\" href=\"mailto:\" title=\"\"><img alt=\"\" src=\"https:\/\/www.tedxpantheonassas.fr\/wp-content\/plugins\/team-members\/inc\/img\/links\/email.png\"\/><\/a><\/div><\/div><\/div><span class=\"tmm_two_containers_tablet\"><\/span><\/div><span class=\"tmm_columns_containers_desktop\"><\/span><div class=\"tmm_container\"><div class=\"tmm_member\" style=\"border-top:#e62b1e solid 5px;\"><div class=\"tmm_textblock\"><div class=\"tmm_names\"><span class=\"tmm_fname\">Yasmine<\/span> <span class=\"tmm_lname\">El Ouatary-Jund<\/span><\/div><div class=\"tmm_job\">Co-responsable p\u00f4le logistique<\/div><div class=\"tmm_scblock\"><a class=\"tmm_sociallink\" href=\"mailto:\" title=\"\"><img alt=\"\" src=\"https:\/\/www.tedxpantheonassas.fr\/wp-content\/plugins\/team-members\/inc\/img\/links\/email.png\"\/><\/a><a target=\"_blank\" class=\"tmm_sociallink\" href=\"\" title=\"\"><img alt=\"\" src=\"https:\/\/www.tedxpantheonassas.fr\/wp-content\/plugins\/team-members\/inc\/img\/links\/customlink.png\"\/><\/a><\/div><\/div><\/div><div class=\"tmm_member\" style=\"border-top:#e62b1e solid 5px;\"><div class=\"tmm_photo tmm_pic_pole-logistique_5\" style=\"background: url(http:\/\/www.tedxpantheonassas.fr\/wp-content\/uploads\/2019\/04\/58419522_452601548819749_8395291712141918208_n-1.jpg); margin-left: auto; margin-right:auto; background-size:cover !important;\"><\/div><div class=\"tmm_textblock\"><div class=\"tmm_names\"><span class=\"tmm_fname\">Driss<\/span> <span class=\"tmm_lname\">Mechiche Alami<\/span><\/div><div class=\"tmm_job\">Co-responsable p\u00f4le logistique<\/div><div class=\"tmm_scblock\"><a class=\"tmm_sociallink\" href=\"mailto:\" title=\"\"><img alt=\"\" src=\"https:\/\/www.tedxpantheonassas.fr\/wp-content\/plugins\/team-members\/inc\/img\/links\/email.png\"\/><\/a><a target=\"_blank\" class=\"tmm_sociallink\" href=\"\" title=\"\"><img alt=\"\" src=\"https:\/\/www.tedxpantheonassas.fr\/wp-content\/plugins\/team-members\/inc\/img\/links\/customlink.png\"\/><\/a><\/div><\/div><\/div><div style=\"clear:both;\"><\/div><\/div><\/div><\/div><\/p>\n<p style=\"text-align: center;\"><div class=\"tmm tmm_pole-communication\"><div class=\"tmm_2_columns tmm_wrap tmm_plugin_f\"><span class=\"tmm_two_containers_tablet\"><\/span><div class=\"tmm_container\"><div class=\"tmm_member\" style=\"border-top:#e62b1e solid 5px;\"><div class=\"tmm_photo tmm_pic_pole-communication_0\" style=\"background: url(http:\/\/www.tedxpantheonassas.fr\/wp-content\/uploads\/2019\/04\/57964013_1585645104902164_8348352233607266304_n.jpg); margin-left: auto; margin-right:auto; background-size:cover !important;\"><\/div><div class=\"tmm_textblock\"><div class=\"tmm_names\"><span class=\"tmm_fname\">Alexandra<\/span> <span class=\"tmm_lname\">Foucher<\/span><\/div><div class=\"tmm_job\">Responsable p\u00f4le communication<\/div><div class=\"tmm_scblock\"><a class=\"tmm_sociallink\" href=\"mailto:\" title=\"\"><img alt=\"\" src=\"https:\/\/www.tedxpantheonassas.fr\/wp-content\/plugins\/team-members\/inc\/img\/links\/email.png\"\/><\/a><a target=\"_blank\" class=\"tmm_sociallink\" href=\"\" title=\"\"><img alt=\"\" src=\"https:\/\/www.tedxpantheonassas.fr\/wp-content\/plugins\/team-members\/inc\/img\/links\/customlink.png\"\/><\/a><\/div><\/div><\/div><div class=\"tmm_member\" style=\"border-top:#e62b1e solid 5px;\"><div class=\"tmm_photo tmm_pic_pole-communication_1\" style=\"background: url(http:\/\/www.tedxpantheonassas.fr\/wp-content\/uploads\/2019\/04\/58625868_692186907868124_5318657297709268992_n.jpg); margin-left: auto; margin-right:auto; background-size:cover !important;\"><\/div><div class=\"tmm_textblock\"><div class=\"tmm_names\"><span class=\"tmm_fname\">Alya<\/span> <span class=\"tmm_lname\">Khabthani<\/span><\/div><div class=\"tmm_job\">Co-responsable p\u00f4le communication<\/div><div class=\"tmm_scblock\"><a class=\"tmm_sociallink\" href=\"mailto:\" title=\"\"><img alt=\"\" src=\"https:\/\/www.tedxpantheonassas.fr\/wp-content\/plugins\/team-members\/inc\/img\/links\/email.png\"\/><\/a><\/div><\/div><\/div><span class=\"tmm_two_containers_tablet\"><\/span><\/div><span class=\"tmm_columns_containers_desktop\"><\/span><div class=\"tmm_container\"><div class=\"tmm_member\" style=\"border-top:#e62b1e solid 5px;\"><div class=\"tmm_photo tmm_pic_pole-communication_2\" style=\"background: url(http:\/\/www.tedxpantheonassas.fr\/wp-content\/uploads\/2019\/04\/58769315_2170346629724710_6331184005106368512_n.jpg); margin-left: auto; margin-right:auto; background-size:cover !important;\"><\/div><div class=\"tmm_textblock\"><div class=\"tmm_names\"><span class=\"tmm_fname\">Kh\u00e9a<\/span> <span class=\"tmm_lname\">Magistrali<\/span><\/div><div class=\"tmm_job\">Co-responsable p\u00f4le communication<\/div><div class=\"tmm_scblock\"><a class=\"tmm_sociallink\" href=\"mailto:\" title=\"\"><img alt=\"\" src=\"https:\/\/www.tedxpantheonassas.fr\/wp-content\/plugins\/team-members\/inc\/img\/links\/email.png\"\/><\/a><\/div><\/div><\/div><div class=\"tmm_member\" style=\"border-top:#e62b1e solid 5px;\"><div class=\"tmm_photo tmm_pic_pole-communication_3\" style=\"background: url(http:\/\/www.tedxpantheonassas.fr\/wp-content\/uploads\/2019\/04\/58831622_2318810655055861_7569282472198799360_n.jpg); margin-left: auto; margin-right:auto; background-size:cover !important;\"><\/div><div class=\"tmm_textblock\"><div class=\"tmm_names\"><span class=\"tmm_fname\">Lolita<\/span> <span class=\"tmm_lname\">Offenstein<\/span><\/div><div class=\"tmm_job\">Co-responsable p\u00f4le communication<\/div><div class=\"tmm_scblock\"><a class=\"tmm_sociallink\" href=\"mailto:\" title=\"\"><img alt=\"\" src=\"https:\/\/www.tedxpantheonassas.fr\/wp-content\/plugins\/team-members\/inc\/img\/links\/email.png\"\/><\/a><a target=\"_blank\" class=\"tmm_sociallink\" href=\"\" title=\"\"><img alt=\"\" src=\"https:\/\/www.tedxpantheonassas.fr\/wp-content\/plugins\/team-members\/inc\/img\/links\/customlink.png\"\/><\/a><\/div><\/div><\/div><div style=\"clear:both;\"><\/div><\/div><\/div><\/div><\/p>\n","protected":false},"excerpt":{"rendered":"","protected":false},"author":1,"featured_media":0,"parent":0,"menu_order":0,"comment_status":"closed","ping_status":"closed","template":"","meta":{"_mi_skip_tracking":false},"_links":{"self":[{"href":"https:\/\/www.tedxpantheonassas.fr\/index.php\/wp-json\/wp\/v2\/pages\/131"}],"collection":[{"href":"https:\/\/www.tedxpantheonassas.fr\/index.php\/wp-json\/wp\/v2\/pages"}],"about":[{"href":"https:\/\/www.tedxpantheonassas.fr\/index.php\/wp-json\/wp\/v2\/types\/page"}],"author":[{"embeddable":true,"href":"https:\/\/www.tedxpantheonassas.fr\/index.php\/wp-json\/wp\/v2\/users\/1"}],"replies":[{"embeddable":true,"href":"https:\/\/www.tedxpantheonassas.fr\/index.php\/wp-json\/wp\/v2\/comments?post=131"}],"version-history":[{"count":21,"href":"https:\/\/www.tedxpantheonassas.fr\/index.php\/wp-json\/wp\/v2\/pages\/131\/revisions"}],"predecessor-version":[{"id":653,"href":"https:\/\/www.tedxpantheonassas.fr\/index.php\/wp-json\/wp\/v2\/pages\/131\/revisions\/653"}],"wp:attachment":[{"href":"https:\/\/www.tedxpantheonassas.fr\/index.php\/wp-json\/wp\/v2\/media?parent=131"}],"curies":[{"name":"wp","href":"https:\/\/api.w.org\/{rel}","templated":true}]}}