{"id":18,"date":"2016-09-16T14:02:03","date_gmt":"2016-09-16T12:02:03","guid":{"rendered":"http:\/\/tedxpantheonassas.fr\/?page_id=18"},"modified":"2017-11-20T19:54:38","modified_gmt":"2017-11-20T18:54:38","slug":"speakers","status":"publish","type":"page","link":"https:\/\/www.tedxpantheonassas.fr\/index.php\/speakers\/","title":{"rendered":"2017 : Speakers"},"content":{"rendered":"<h2 style=\"text-align: left;\"><\/h2>\n<h2 style=\"text-align: center;\"><span style=\"color: #ff0000;\"><strong>Ad\u00e8le Van Reeth <\/strong><\/span><\/h2>\n<p><a href=\"https:\/\/www.facebook.com\/adelevanreethofficiel\/\"><img decoding=\"async\" loading=\"lazy\" class=\"alignnone size-medium wp-image-266 aligncenter\" src=\"http:\/\/www.tedxpantheonassas.fr\/wp-content\/uploads\/2016\/09\/vanreeth-300x300.jpg\" alt=\"vanreeth\" width=\"300\" height=\"300\" srcset=\"https:\/\/www.tedxpantheonassas.fr\/wp-content\/uploads\/2016\/09\/vanreeth-300x300.jpg 300w, https:\/\/www.tedxpantheonassas.fr\/wp-content\/uploads\/2016\/09\/vanreeth-150x150.jpg 150w, https:\/\/www.tedxpantheonassas.fr\/wp-content\/uploads\/2016\/09\/vanreeth.jpg 512w\" sizes=\"(max-width: 300px) 100vw, 300px\" \/><\/a><\/p>\n<p style=\"text-align: justify;\"><span style=\"color: #000000;\">Sp\u00e9cialiste en philosophie du cin\u00e9ma, ancienne \u00e9l\u00e8ve de l&rsquo;\u00c9cole normale sup\u00e9rieure de Fontenay-Saint-Cloud (promotion 2005), Ad\u00e8le Van Reeth travaille et intervient sur la question de l&rsquo;ordinaire, notamment \u00e0 partir des travaux du philosophe Stanley Cavell.<\/span><\/p>\n<div class=\"text_exposed_show\">\n<p style=\"text-align: justify;\"><span style=\"color: #000000;\">Depuis septembre 2011, elle a produit et anim\u00e9 l&rsquo;\u00e9mission quotidienne de philosophie Les Nouveaux chemins de la connaissance renomm\u00e9e depuis Les Chemins de la philosophie. En d\u00e9cembre 2012, cette \u00e9mission devient la plus t\u00e9l\u00e9charg\u00e9e du groupe Radio France.<\/span><\/p>\n<p style=\"text-align: justify;\"><span style=\"color: #000000;\">Elle a \u00e9t\u00e9 chroniqueuse pour l&rsquo;\u00e9mission Le Cercle pendant un an, pr\u00e9sent\u00e9e par Fr\u00e9d\u00e9ric Beigbeder sur Canal+ Cin\u00e9ma. Elle tient d\u00e9sormais une chronique mensuelle dans le magazine Lire et \u00e9crit tr\u00e8s r\u00e9guli\u00e8rement le journal hebdomadaire le 1.<\/span><\/p>\n<p style=\"text-align: justify;\"><span style=\"color: #000000;\">En mars 2014, elle lance une collection intitul\u00e9e \u00ab Questions de caract\u00e8re \u00bb qui explore les passions humaines. Elle y met en avant des \u00e9l\u00e9ments essentiels de l\u2019existence contemporaine tel que le snobisme, la jouissance ou la pudeur. Son premier volume, qu\u2019elle a co\u00e9crit avec Jean-Luc Nancy, porte sur la jouissance. C&rsquo;est justement le th\u00e8me qu\u2019elle d\u00e9veloppera lors de notre premi\u00e8re conf\u00e9rence.<\/span><\/p>\n<\/div>\n<h2 style=\"text-align: center;\"><span style=\"color: #ff0000;\">Jean de Loisy\u00a0<\/span><\/h2>\n<p style=\"text-align: justify;\"><a href=\"https:\/\/fr.wikipedia.org\/wiki\/Jean_de_Loisy_(commissaire_d'exposition)\"><img decoding=\"async\" loading=\"lazy\" class=\"size-medium wp-image-270 aligncenter\" src=\"http:\/\/www.tedxpantheonassas.fr\/wp-content\/uploads\/2016\/09\/speaker7-copie-300x300.jpg\" alt=\"speaker7 copie\" width=\"300\" height=\"300\" srcset=\"https:\/\/www.tedxpantheonassas.fr\/wp-content\/uploads\/2016\/09\/speaker7-copie-300x300.jpg 300w, https:\/\/www.tedxpantheonassas.fr\/wp-content\/uploads\/2016\/09\/speaker7-copie-150x150.jpg 150w, https:\/\/www.tedxpantheonassas.fr\/wp-content\/uploads\/2016\/09\/speaker7-copie.jpg 409w\" sizes=\"(max-width: 300px) 100vw, 300px\" \/><\/a><\/p>\n<p class=\"p1\" style=\"text-align: justify;\"><span style=\"color: #000000;\">Pr\u00e9sident du Palais de Tokyo, Jean de Loisy a d\u2019abord \u00e9t\u00e9 commissaire d\u2019exposition avant d\u2019occuper de nombreuses fonctions dans diverses institutions culturelles.<\/span><\/p>\n<p class=\"p1\" style=\"text-align: justify;\"><span style=\"color: #000000;\">Il a \u00e9t\u00e9 le premier directeur de la FRAC des Pays de la Loire (Fonds R\u00e9gional d\u2019Art contemporain) de 1983 \u00e0 1986, une collection publique d\u2019art contemporain en vue de sensibiliser le public aux d\u00e9marches artistiques.<\/span><\/p>\n<p class=\"p1\" style=\"text-align: justify;\"><span style=\"color: #000000;\">Dans le cadre de ses activit\u00e9s de commissaire d\u2019exposition, Jean de Loisy a particip\u00e9 \u00e0 de nombreux \u00e9v\u00e9nements tels que la Biennale de Venise en 1993 puis en 2011, ou encore \u00e0 la Biennale de Gwan-Gju en 1995 o\u00f9 il exposait les oeuvres de Maurizio Catellan, Carsten H\u00f6ller, Joachim Koester et bien d\u2019autres.<\/span><\/p>\n<p class=\"p1\" style=\"text-align: justify;\"><span style=\"color: #000000;\">De 1986 \u00e0 1988, il est charg\u00e9 de mission au Minist\u00e8re de la Culture pour la cr\u00e9ation contemporaine dans les monuments historiques, avant de devenir en 1989 et jusqu\u2019en 1991 le directeur adjoint du mus\u00e9e de N\u00eemes. Il deviendra ensuite successivement conservateur de la Fondation Cartier puis du c\u00e9l\u00e8bre Centre Georges Pompidou. Il est nomm\u00e9 pr\u00e9sident du Palais de Tokyo en juin 2011.<\/span><\/p>\n<p class=\"p1\" style=\"text-align: justify;\"><span style=\"color: #000000;\">Ce sp\u00e9cialiste et critique d\u2019art moderne et contemporain va nous livrer sa conception de l\u2019art et nous aider \u00e0 d\u00e9terminer en quoi il est si important aujourd\u2019hui.<\/span><\/p>\n<h2 class=\"p1\" style=\"text-align: center;\"><span style=\"color: #ff0000;\">Christian Latr\u00e9mouille<\/span><\/h2>\n<p class=\"p1\" style=\"text-align: justify;\"><img decoding=\"async\" loading=\"lazy\" class=\"size-medium wp-image-272 aligncenter\" src=\"http:\/\/www.tedxpantheonassas.fr\/wp-content\/uploads\/2016\/09\/speaker4-287x300.jpg\" alt=\"speaker4\" width=\"287\" height=\"300\" srcset=\"https:\/\/www.tedxpantheonassas.fr\/wp-content\/uploads\/2016\/09\/speaker4-287x300.jpg 287w, https:\/\/www.tedxpantheonassas.fr\/wp-content\/uploads\/2016\/09\/speaker4.jpg 297w\" sizes=\"(max-width: 287px) 100vw, 287px\" \/><\/p>\n<p style=\"text-align: justify;\"><span style=\"color: #000000;\">Le\u00a0Professeur Christian Latr\u00e9mouille est chirurgien cardiaque \u00e0 l\u2019Hopital Europ\u00e9en Georges-Pompidou \u00e0 Paris. Il est mondialement connu pour avoir effectu\u00e9 la premi\u00e8re implantation du coeur artificiel bio-compatible \u00ab\u00a0Carmat\u00a0\u00bb en d\u00e9cembre 2013.\u00a0<\/span><\/p>\n<p style=\"text-align: justify;\"><span style=\"color: #000000;\">Mis au point par le Pr Alain Carpentier, ce c\u0153ur artificiel repr\u00e9sente l\u2019aboutissement de 25 ann\u00e9es de recherche. Cette proth\u00e8se pourrait constituer une alternative aux greffes cardiaques. Con\u00e7u pour fonctionner comme un vrai\u00a0c\u0153ur\u00a0de remplacement sur le long terme, ce c\u0153ur artificiel a plusieurs singularit\u00e9s. Il s\u2019int\u00e8gre\u00a0notamment beaucoup mieux dans l&rsquo;organisme afin d\u2019\u00e9viter le\u00a0rejet. En effet, le coeur Carmat est une bioproth\u00e8se aux parois rev\u00eatues d\u2019un mat\u00e9riaux dit \u00ab\u00a0h\u00e9mocompatibles\u00a0\u00bb ce qui emp\u00eache th\u00e9oriquement la destruction des globules rouges ou la formation de caillot.<\/span><\/p>\n<p style=\"text-align: justify;\"><span style=\"color: #000000;\">La premi\u00e8re implantation s\u2019est d\u00e9roul\u00e9e de fa\u00e7on satisfaisante, la proth\u00e8se assurant automatiquement une circulation normale \u00e0 un d\u00e9bit physiologique, cr\u00e9ant un immense espoir pour les patients atteints de maladies cardiaques.<\/span><\/p>\n<p style=\"text-align: justify;\"><span style=\"color: #000000;\">Christian Latremouille va nous d\u00e9voiler comment il est parvenu \u00e0 r\u00e9volutionner le monde de la m\u00e9decine.<\/span><\/p>\n<h2 style=\"text-align: center;\"><span style=\"color: #ff0000;\">Sebastian Marx<\/span><\/h2>\n<p><a href=\"http:\/\/sebmarx.com\/\"><img decoding=\"async\" loading=\"lazy\" class=\"size-medium wp-image-276 aligncenter\" src=\"http:\/\/www.tedxpantheonassas.fr\/wp-content\/uploads\/2016\/09\/Marx-297x300.png\" alt=\"Marx\" width=\"297\" height=\"300\" srcset=\"https:\/\/www.tedxpantheonassas.fr\/wp-content\/uploads\/2016\/09\/Marx-297x300.png 297w, https:\/\/www.tedxpantheonassas.fr\/wp-content\/uploads\/2016\/09\/Marx.png 310w\" sizes=\"(max-width: 297px) 100vw, 297px\" \/><\/a><\/p>\n<p style=\"text-align: justify;\"><span style=\"color: #000000;\">Humoriste am\u00e9ricain expatri\u00e9 en France en 2010, il r\u00e9alise ses premiers pas sur sc\u00e8ne \u00e0 New-York puis \u00e0 Boston dans des salles mythiques telles que le Caroline\u2019s Comedy Club ou le Comedy Connection. D\u00e8s son arriv\u00e9e \u00e0 Paris il se heurte \u00e0 certaines difficult\u00e9s notamment celle de r\u00e9aliser des sketchs en fran\u00e7ais. C\u2019est de cette difficult\u00e9 que naitra son premier one man show intitul\u00e9 \u00ab\u00a0un new yorkais \u00e0 Paris\u00a0\u00bb. Il va ainsi mettre en avant les diff\u00e9rences culturelles en comparant les deux pays tout en y ajoutant les id\u00e9es re\u00e7ues sur les fran\u00e7ais et les am\u00e9ricains.<\/span><\/p>\n<p style=\"text-align: justify;\"><span style=\"color: #000000;\">En 2012, Sebastian d\u00e9croche un passage dans la cinqui\u00e8me saison du Jamel Comedy Club.<\/span><br \/>\n<span style=\"color: #000000;\"> Puis en 2013, l\u2019am\u00e9ricain r\u00e9alise sa premi\u00e8re chronique sur France Inter au sein de l\u2019\u00e9mission \u00abOn va tous y passer\u00bb. La m\u00eame ann\u00e9e, Sebastian lance ses podcasts \u00abDonc voil\u00e0 quoi\u00bb que l\u2019on retrouve ensuite sur iTunes ou Spotify. Dans ces podcasts, il fait la promo de ses confr\u00e8res humoristes en toute intimit\u00e9.<\/span><br \/>\n<span style=\"color: #000000;\"> D\u00e8s 2014, il se lance dans une pi\u00e8ce de th\u00e9\u00e2tre intitul\u00e9e \u00ab Jeune Couple Cherche Public \u00bb. Il y partage la sc\u00e8ne avec Lou Dussourd. Enfin, en 2015 il participe au concours Talent Show YouHumour, qui cherche \u00e0 mettre en avant de nouveaux talents de l\u2019humour.<\/span><br \/>\n<span style=\"color: #000000;\"> Actuellement, il joue son spectacle tous les dimanche en fran\u00e7ais et en anglais \u00e0 la Nouvelle Seine.<\/span><\/p>\n<p style=\"text-align: justify;\"><span style=\"color: #000000;\">Sebastian Marx va nous \u00e9merveiller par la justesse et la douceur de son humour \u00e0 la fois introspectif et d\u00e9cal\u00e9 m\u00e9langeant \u00e0 la perfection les clich\u00e9s et les diff\u00e9rences.<\/span><\/p>\n<h2 style=\"text-align: center;\"><span style=\"color: #ff0000;\">L\u00e9a Dang<\/span><\/h2>\n<p>&nbsp;<\/p>\n<p style=\"text-align: center;\"><span style=\"color: #000000;\"><strong>\u00a0<a href=\"http:\/\/www.iamadrop.com\"><img decoding=\"async\" loading=\"lazy\" class=\"alignnone size-medium wp-image-282\" src=\"http:\/\/www.tedxpantheonassas.fr\/wp-content\/uploads\/2016\/09\/Capture-d\u2019e\u0301cran-2017-02-12-a\u0300-19.24.54-300x300.png\" alt=\"Capture d\u2019e\u0301cran 2017-02-12 a\u0300 19.24.54\" width=\"300\" height=\"300\" srcset=\"https:\/\/www.tedxpantheonassas.fr\/wp-content\/uploads\/2016\/09\/Capture-d\u2019e\u0301cran-2017-02-12-a\u0300-19.24.54-300x300.png 300w, https:\/\/www.tedxpantheonassas.fr\/wp-content\/uploads\/2016\/09\/Capture-d\u2019e\u0301cran-2017-02-12-a\u0300-19.24.54-150x150.png 150w, https:\/\/www.tedxpantheonassas.fr\/wp-content\/uploads\/2016\/09\/Capture-d\u2019e\u0301cran-2017-02-12-a\u0300-19.24.54.png 311w\" sizes=\"(max-width: 300px) 100vw, 300px\" \/><\/a><\/strong><\/span><\/p>\n<p style=\"text-align: justify;\"><span style=\"color: #000000;\">L\u00e9a Dang est \u00e9tudiante \u00e0 l\u2019Institut Fran\u00e7ais de Presse, o\u00f9 elle entame un m\u00e9moire sur l\u2019int\u00e9gration de l\u2019\u00e9cologie \u00e0 travers les discours militants de gauche et de droite \u00e0 l\u2019approche des \u00e9lections pr\u00e9sidentielles. Elle contribue parall\u00e8lement \u00e0 trois m\u00e9dias : Superior Magazine (\u00e0 travers une chronique sur la mode \u00e9co-responsable), Reporterre, et Alternative Sant\u00e9.<\/span><\/p>\n<p style=\"text-align: justify;\"><span style=\"color: #000000;\"> En 2014, elle prend conscience de l\u2019injustice dont souffre le peuple vietnamien, toujours victime des cons\u00e9quences des \u00e9pandages massifs de d\u00e9foliants pendant la guerre du Vietnam. En septembre 2016, gr\u00e2ce \u00e0 l\u2019aide du professeur Nhan Nguyen Khac et de la repr\u00e9sentante de VAVA (Vietnam Association of Victims of Agent Orange) en France Mme Ma\u00ef Nguyen Dac, elle part au Vietnam r\u00e9aliser un photoreportage sur les victimes de l\u2019Agent Orange.<\/span><br \/>\n<span style=\"color: #000000;\"> A son retour, elle rencontre Tran To Nga, une franco-vietnamienne qui intente un proc\u00e8s aux principales firmes chimiques am\u00e9ricaines. Apr\u00e8s avoir r\u00e9alis\u00e9 une interview pour Reporterre, L\u00e9a devient, en quelque sorte, la porte-parole du web de Mme Tran.<\/span><\/p>\n<p style=\"text-align: justify;\"><span style=\"color: #000000;\"> Aujourd\u2019hui, \u00e0 travers son blog www.iamadrop.com, elle tente d\u2019essaimer l\u2019id\u00e9e que chaque petite goutte compte, et qu\u2019il n\u2019est jamais trop tard pour adopter un style de vie plus respectueux de l\u2019environnement\u00a0!<\/span><\/p>\n<h2 style=\"text-align: center;\"><span style=\"color: #ff0000;\">Cl\u00e9ment Scellier<\/span><\/h2>\n<p style=\"text-align: justify;\"><a href=\"https:\/\/www.linkedin.com\/in\/cl%25C3%25A9ment-scellier-423ba860\/\"><img decoding=\"async\" loading=\"lazy\" class=\"size-medium wp-image-284 aligncenter\" src=\"http:\/\/www.tedxpantheonassas.fr\/wp-content\/uploads\/2016\/09\/Capture-d\u2019e\u0301cran-2017-02-15-a\u0300-19.10.50-300x300.png\" alt=\"Capture d\u2019e\u0301cran 2017-02-15 a\u0300 19.10.50\" width=\"300\" height=\"300\" srcset=\"https:\/\/www.tedxpantheonassas.fr\/wp-content\/uploads\/2016\/09\/Capture-d\u2019e\u0301cran-2017-02-15-a\u0300-19.10.50-300x300.png 300w, https:\/\/www.tedxpantheonassas.fr\/wp-content\/uploads\/2016\/09\/Capture-d\u2019e\u0301cran-2017-02-15-a\u0300-19.10.50-150x150.png 150w, https:\/\/www.tedxpantheonassas.fr\/wp-content\/uploads\/2016\/09\/Capture-d\u2019e\u0301cran-2017-02-15-a\u0300-19.10.50.png 313w\" sizes=\"(max-width: 300px) 100vw, 300px\" \/><\/a><\/p>\n<p style=\"text-align: justify;\"><span style=\"color: #000000;\">Apr\u00e8s des \u00e9tudes de commerce, Cl\u00e9ment Scellier apprend le m\u00e9tier d\u2019entrepreneur sur le terrain.<\/span><\/p>\n<p style=\"text-align: justify;\"><span style=\"color: #000000;\">En 2011, apr\u00e8s avoir regard\u00e9 l\u2019\u00e9mission de t\u00e9l\u00e9-r\u00e9alit\u00e9 Koh Lanta, il se lance le d\u00e9fi avec son ami Bastien Rabastens de manger des insectes comme les participants de l\u2019\u00e9mission. Apr\u00e8s avoir pass\u00e9 commande en Tha\u00eflande, les deux amis surmontent leur appr\u00e9hension et se d\u00e9cident \u00e0 sauter le pas. C\u2019est \u00e0 ce moment qu\u2019ils se rendent compte que ces insectes sont en r\u00e9alit\u00e9 remplis de prot\u00e9ines. Suite \u00e0 cela, Cl\u00e9ment et Bastien cr\u00e9ent Jimini\u2019s, une start up qui propose une gamme d\u2019insectes comestibles assaisonn\u00e9s et pr\u00eats \u00e0 manger pour l\u2019ap\u00e9ritif.<\/span><\/p>\n<p style=\"text-align: justify;\"><span style=\"color: #000000;\">Ce choix est r\u00e9compens\u00e9 en 2015, lorsqu\u2019ils sont nomm\u00e9s laur\u00e9at de la cat\u00e9gorie \u00ab\u00a0Entrepreneurs\u00a0\u00bb du concours Moovje Innovons Ensemble. A ce jour, ils ont vendu pr\u00e8s de 50.000 boites dans pr\u00e8s de 200 points de vente.\u00a0<\/span><\/p>\n<p style=\"text-align: justify;\"><span style=\"color: #000000;\">Ce jeune entrepreneur va tenter de nous convaincre que les insectes sont bel et bien les aliments du futur, m\u00eame si il existe encore plusieurs obstacles, notamment le march\u00e9 et les pr\u00e9jug\u00e9s.\u00a0<\/span><\/p>\n<h2 style=\"text-align: center;\"><span style=\"color: #ff0000;\">David Allouche\u00a0<\/span><a href=\"https:\/\/twitter.com\/dallouche_eco?lang=fr\"><img decoding=\"async\" loading=\"lazy\" class=\"size-full wp-image-288 aligncenter\" src=\"http:\/\/www.tedxpantheonassas.fr\/wp-content\/uploads\/2016\/09\/speaker8-copie.jpg\" alt=\"speaker8 copie\" width=\"300\" height=\"300\" srcset=\"https:\/\/www.tedxpantheonassas.fr\/wp-content\/uploads\/2016\/09\/speaker8-copie.jpg 300w, https:\/\/www.tedxpantheonassas.fr\/wp-content\/uploads\/2016\/09\/speaker8-copie-150x150.jpg 150w\" sizes=\"(max-width: 300px) 100vw, 300px\" \/><\/a><\/h2>\n<p style=\"text-align: justify;\"><span style=\"color: #000000;\">Dipl\u00f4m\u00e9 de l\u2019ESSEC et de Telecom ParisTech (ex-ENST), titulaire d\u2019un DEA en Finance de March\u00e9 (Paris 1 Sorbonne), David Allouche a d\u2019autre part enseign\u00e9 la finance \u00e0 l\u2019ESSEC, \u00e0 Sciences Po Paris, puis \u00e0 l\u2019Universit\u00e9 Paris Dauphine.<\/span><\/p>\n<p style=\"text-align: justify;\"><span style=\"color: #000000;\">David Allouche est l\u2019un des meilleurs connaisseurs d\u2019un domaine qui \u00e9chappe \u00e0 beaucoup : le monde de la Finance et ses acteurs. Il en ma\u00eetrise les m\u00e9canismes, les ressorts et les travers mais aussi leur ph\u00e9nom\u00e9nale capacit\u00e9 \u00e0 faire avancer le monde. Didactique et concret, cet expert nous apporte un autre regard, critique mais ludique et constructif, sur une profession d\u00e9cri\u00e9e.<\/span><\/p>\n<p style=\"text-align: justify;\"><span style=\"color: #000000;\">Il est aussi l\u2019un des rares \u00e9conomistes doubl\u00e9 d\u2019un profil ing\u00e9nieur Telecom, faisant de lui l\u2019intervenant id\u00e9al pour parler \u00e9conomie \u00e0 l\u2019heure du num\u00e9rique.<\/span><\/p>\n<p style=\"text-align: justify;\"><span style=\"color: #000000;\">Data, digitalisation, automatisation, uberisation, disruption : autant de sujets sur lesquels il apporte son analyse de technicien et son talent de p\u00e9dagogue, redonnant du sens, de l\u2019optimisme et de la clairvoyance dans un monde o\u00f9 la vie quotidienne et les business mod\u00e8les traditionnels sont chaque jour bouscul\u00e9s pour \u00eatre r\u00e9invent\u00e9s.<\/span><\/p>\n<h2 style=\"text-align: center;\"><span style=\"color: #ff0000;\">J\u00e9rome de Labriffe<\/span><\/h2>\n<p><a href=\"https:\/\/www.linkedin.com\/in\/jeromedelabriffe\/\"><img decoding=\"async\" loading=\"lazy\" class=\"alignnone size-medium wp-image-290 aligncenter\" src=\"http:\/\/www.tedxpantheonassas.fr\/wp-content\/uploads\/2016\/09\/Capture-d\u2019e\u0301cran-2017-02-17-a\u0300-20.10.44-300x300.png\" alt=\"Capture d\u2019e\u0301cran 2017-02-17 a\u0300 20.10.44\" width=\"300\" height=\"300\" srcset=\"https:\/\/www.tedxpantheonassas.fr\/wp-content\/uploads\/2016\/09\/Capture-d\u2019e\u0301cran-2017-02-17-a\u0300-20.10.44-300x300.png 300w, https:\/\/www.tedxpantheonassas.fr\/wp-content\/uploads\/2016\/09\/Capture-d\u2019e\u0301cran-2017-02-17-a\u0300-20.10.44-150x150.png 150w, https:\/\/www.tedxpantheonassas.fr\/wp-content\/uploads\/2016\/09\/Capture-d\u2019e\u0301cran-2017-02-17-a\u0300-20.10.44.png 318w\" sizes=\"(max-width: 300px) 100vw, 300px\" \/><\/a><\/p>\n<p style=\"text-align: justify;\"><span style=\"color: #000000;\">Pour r\u00e9ussir sa vie professionnelle, les bonnes id\u00e9es valent parfois mieux que les grands dipl\u00f4mes. J\u00e9r\u00f4me de Labriffe, en est la parfaite illustration. Avant de devenir PDG de KINGERI, une soci\u00e9t\u00e9 de consulting strat\u00e9gique dans le domaine de la cyber-s\u00e9curit\u00e9, le d\u00e9veloppement des crypto-monnaies et de la blockchain, ce dernier a fait ses armes chez BNP Paribas. Successivement Directeur du Big Data Development, Directeur de l\u2019Innovation Digitale et Directeur des canaux Internet et Mobiles.<\/span><\/p>\n<p style=\"text-align: justify;\"><span style=\"color: #000000;\">Il a aussi pr\u00e9sid\u00e9 l\u2019IAB (Interactive Advertising Bureau) pendant 9 ans, une organisation regroupant les acteurs de la publicit\u00e9 sur Internet et dont le but est de d\u00e9velopper des\u00a0normes, mener des recherches, et fournir un soutien juridique aux acteurs de l&rsquo;industrie qu&rsquo;elle repr\u00e9sente.<\/span><\/p>\n<p style=\"text-align: justify;\"><span style=\"color: #000000;\">Ce professionnel du num\u00e9rique va nous livrer sa vision de l\u2019\u00e9volution d\u2019Internet et des futurs dangers qui nous guettent.<\/span><\/p>\n<h2 style=\"text-align: center;\"><span style=\"color: #ff0000;\">Yanis Bacha<\/span><\/h2>\n<p style=\"text-align: justify;\"><a href=\"https:\/\/twitter.com\/yanisbacha?lang=fr\"><img decoding=\"async\" loading=\"lazy\" class=\"size-medium wp-image-292 aligncenter\" src=\"http:\/\/www.tedxpantheonassas.fr\/wp-content\/uploads\/2016\/09\/Capture-d\u2019e\u0301cran-2017-02-20-a\u0300-20.34.31-300x300.png\" alt=\"Capture d\u2019e\u0301cran 2017-02-20 a\u0300 20.34.31\" width=\"300\" height=\"300\" srcset=\"https:\/\/www.tedxpantheonassas.fr\/wp-content\/uploads\/2016\/09\/Capture-d\u2019e\u0301cran-2017-02-20-a\u0300-20.34.31-300x300.png 300w, https:\/\/www.tedxpantheonassas.fr\/wp-content\/uploads\/2016\/09\/Capture-d\u2019e\u0301cran-2017-02-20-a\u0300-20.34.31-150x150.png 150w, https:\/\/www.tedxpantheonassas.fr\/wp-content\/uploads\/2016\/09\/Capture-d\u2019e\u0301cran-2017-02-20-a\u0300-20.34.31.png 318w\" sizes=\"(max-width: 300px) 100vw, 300px\" \/><\/a><\/p>\n<p style=\"text-align: justify;\"><span style=\"color: #000000;\">Yanis Bacha est Etudiant \u00e0 l\u2019ESCP Europe en management des m\u00e9dias, dipl\u00f4m\u00e9 de l\u2019Universit\u00e9 Panth\u00e9on-Assas en droit et en information-communication ainsi que de SciencesPo Paris en journalisme.<\/span><\/p>\n<p style=\"text-align: justify;\"><span style=\"color: #000000;\">Journaliste de profession, il a travaill\u00e9 pendant quatre ans \u00e0 Canal+ \u00e0 la r\u00e9daction des sports. Atteint d\u2019une myopathie caract\u00e9ris\u00e9e par une d\u00e9g\u00e9n\u00e9rescence progressive des cellules musculaires, il a su en tirer une force. En 2014, il prend conscience des difficult\u00e9s d\u2019int\u00e9gration des personnes handicap\u00e9es dans la soci\u00e9t\u00e9. Parti de ce constat, il fait de la lutte contre l\u2019autocensure son cheval de bataille.<\/span><\/p>\n<p style=\"text-align: justify;\"><span style=\"color: #000000;\">Yanis intervient r\u00e9guli\u00e8rement dans le cadre des Entretiens de l\u2019Excellence aupr\u00e8s de jeunes coll\u00e9giens en ZEP pour raconter son parcours. Parall\u00e8lement, il est administrateur de Jaccede une association qui a pour but de recenser les lieux accessibles. Aujourd\u2019hui, il collabore \u00e0 Open Diplomacy en tant que reporter dans des sommets diplomatique.<\/span><\/p>\n<p style=\"text-align: justify;\"><span style=\"color: #000000;\">Il va nous livrer sa conception de la pers\u00e9v\u00e9rance \u00e0 travers des tranches de sa vie.<\/span><\/p>\n","protected":false},"excerpt":{"rendered":"<p>Ad\u00e8le Van Reeth Sp\u00e9cialiste en philosophie du cin\u00e9ma, ancienne \u00e9l\u00e8ve de l&rsquo;\u00c9cole normale sup\u00e9rieure de Fontenay-Saint-Cloud (promotion 2005), Ad\u00e8le Van Reeth travaille et intervient sur la question de l&rsquo;ordinaire, notamment \u00e0 partir des travaux du philosophe Stanley Cavell. Depuis septembre 2011, elle a produit et anim\u00e9 l&rsquo;\u00e9mission quotidienne de philosophie Les Nouveaux chemins de la<br \/><a class=\"moretag\" href=\"https:\/\/www.tedxpantheonassas.fr\/index.php\/speakers\/\">+ Read More<\/a><\/p>\n","protected":false},"author":1,"featured_media":0,"parent":0,"menu_order":0,"comment_status":"closed","ping_status":"closed","template":"","meta":{"_mi_skip_tracking":false},"_links":{"self":[{"href":"https:\/\/www.tedxpantheonassas.fr\/index.php\/wp-json\/wp\/v2\/pages\/18"}],"collection":[{"href":"https:\/\/www.tedxpantheonassas.fr\/index.php\/wp-json\/wp\/v2\/pages"}],"about":[{"href":"https:\/\/www.tedxpantheonassas.fr\/index.php\/wp-json\/wp\/v2\/types\/page"}],"author":[{"embeddable":true,"href":"https:\/\/www.tedxpantheonassas.fr\/index.php\/wp-json\/wp\/v2\/users\/1"}],"replies":[{"embeddable":true,"href":"https:\/\/www.tedxpantheonassas.fr\/index.php\/wp-json\/wp\/v2\/comments?post=18"}],"version-history":[{"count":23,"href":"https:\/\/www.tedxpantheonassas.fr\/index.php\/wp-json\/wp\/v2\/pages\/18\/revisions"}],"predecessor-version":[{"id":316,"href":"https:\/\/www.tedxpantheonassas.fr\/index.php\/wp-json\/wp\/v2\/pages\/18\/revisions\/316"}],"wp:attachment":[{"href":"https:\/\/www.tedxpantheonassas.fr\/index.php\/wp-json\/wp\/v2\/media?parent=18"}],"curies":[{"name":"wp","href":"https:\/\/api.w.org\/{rel}","templated":true}]}}