{"id":312,"date":"2017-11-20T19:42:05","date_gmt":"2017-11-20T18:42:05","guid":{"rendered":"http:\/\/www.tedxpantheonassas.fr\/?page_id=312"},"modified":"2023-12-02T18:10:36","modified_gmt":"2023-12-02T17:10:36","slug":"2018-heritage","status":"publish","type":"page","link":"https:\/\/www.tedxpantheonassas.fr\/index.php\/2018-heritage\/","title":{"rendered":"2\u00e8me \u00e9dition : H\u00e9ritage"},"content":{"rendered":"<p><iframe loading=\"lazy\" width=\"500\" height=\"281\" src=\"https:\/\/www.youtube.com\/embed\/4YHGW3VUwow?feature=oembed\" frameborder=\"0\" allow=\"autoplay; encrypted-media\" allowfullscreen><\/iframe><\/p>\n<p><span style=\"color: #000000;\">Le futur fascine et inqui\u00e8te, la perp\u00e9tuelle <strong>qu\u00eate de progr\u00e8s<\/strong> peut parfois nous conduire \u00e0 regarder le pass\u00e9 avec nostalgie. Dans un monde o\u00f9 les traditions s\u2019oublient et les tendances s\u2019acc\u00e9l\u00e8rent, la notion d\u2019h\u00e9ritage devient, plus que jamais, essentielle.<\/span><\/p>\n<p><span style=\"color: #000000;\">Dans une approche globale, elle se d\u00e9finit comme la transmission d\u2019un patrimoine, mat\u00e9riel ou immat\u00e9riel, d\u2019une g\u00e9n\u00e9ration \u00e0 une autre. L\u2019h\u00e9ritage appara\u00eet d\u00e8s lors comme un facteur de coh\u00e9sion sur lequel repose une identit\u00e9 collective.<\/span><\/p>\n<p><span style=\"color: #000000;\">S\u2019impose ainsi un devoir de transmission, afin que l\u2019individu puisse savoir d\u2019o\u00f9 il vient et o\u00f9 il va.<\/span><\/p>\n<p><span style=\"color: #000000;\"><strong>Comment appr\u00e9hender l\u2019avenir tout en int\u00e9grant notre h\u00e9ritage ?<\/strong><\/span><\/p>\n<p><img decoding=\"async\" loading=\"lazy\" class=\"wp-image-366 aligncenter\" src=\"http:\/\/www.tedxpantheonassas.fr\/wp-content\/uploads\/2017\/11\/Screen-Shot-2018-04-17-at-4.55.04-PM-300x218.png\" alt=\"Screen Shot 2018-04-17 at 4.55.04 PM\" width=\"1130\" height=\"821\" srcset=\"https:\/\/www.tedxpantheonassas.fr\/wp-content\/uploads\/2017\/11\/Screen-Shot-2018-04-17-at-4.55.04-PM-300x218.png 300w, https:\/\/www.tedxpantheonassas.fr\/wp-content\/uploads\/2017\/11\/Screen-Shot-2018-04-17-at-4.55.04-PM-768x557.png 768w, https:\/\/www.tedxpantheonassas.fr\/wp-content\/uploads\/2017\/11\/Screen-Shot-2018-04-17-at-4.55.04-PM-1024x743.png 1024w\" sizes=\"(max-width: 1130px) 100vw, 1130px\" \/><\/p>\n","protected":false},"excerpt":{"rendered":"<p>Le futur fascine et inqui\u00e8te, la perp\u00e9tuelle qu\u00eate de progr\u00e8s peut parfois nous conduire \u00e0 regarder le pass\u00e9 avec nostalgie. Dans un monde o\u00f9 les traditions s\u2019oublient et les tendances s\u2019acc\u00e9l\u00e8rent, la notion d\u2019h\u00e9ritage devient, plus que jamais, essentielle. Dans une approche globale, elle se d\u00e9finit comme la transmission d\u2019un patrimoine, mat\u00e9riel ou immat\u00e9riel, d\u2019une<br \/><a class=\"moretag\" href=\"https:\/\/www.tedxpantheonassas.fr\/index.php\/2018-heritage\/\">+ Read More<\/a><\/p>\n","protected":false},"author":1,"featured_media":0,"parent":0,"menu_order":0,"comment_status":"closed","ping_status":"closed","template":"","meta":{"_mi_skip_tracking":false},"_links":{"self":[{"href":"https:\/\/www.tedxpantheonassas.fr\/index.php\/wp-json\/wp\/v2\/pages\/312"}],"collection":[{"href":"https:\/\/www.tedxpantheonassas.fr\/index.php\/wp-json\/wp\/v2\/pages"}],"about":[{"href":"https:\/\/www.tedxpantheonassas.fr\/index.php\/wp-json\/wp\/v2\/types\/page"}],"author":[{"embeddable":true,"href":"https:\/\/www.tedxpantheonassas.fr\/index.php\/wp-json\/wp\/v2\/users\/1"}],"replies":[{"embeddable":true,"href":"https:\/\/www.tedxpantheonassas.fr\/index.php\/wp-json\/wp\/v2\/comments?post=312"}],"version-history":[{"count":19,"href":"https:\/\/www.tedxpantheonassas.fr\/index.php\/wp-json\/wp\/v2\/pages\/312\/revisions"}],"predecessor-version":[{"id":692,"href":"https:\/\/www.tedxpantheonassas.fr\/index.php\/wp-json\/wp\/v2\/pages\/312\/revisions\/692"}],"wp:attachment":[{"href":"https:\/\/www.tedxpantheonassas.fr\/index.php\/wp-json\/wp\/v2\/media?parent=312"}],"curies":[{"name":"wp","href":"https:\/\/api.w.org\/{rel}","templated":true}]}}