{"id":400,"date":"2019-04-24T15:09:39","date_gmt":"2019-04-24T13:09:39","guid":{"rendered":"http:\/\/www.tedxpantheonassas.fr\/?page_id=400"},"modified":"2023-12-02T18:10:30","modified_gmt":"2023-12-02T17:10:30","slug":"2019-u","status":"publish","type":"page","link":"https:\/\/www.tedxpantheonassas.fr\/index.php\/2019-u\/","title":{"rendered":"3\u00e8me \u00e9dition : UnlimiTED"},"content":{"rendered":"\n<figure class=\"wp-block-video\"><video controls src=\"http:\/\/www.tedxpantheonassas.fr\/wp-content\/uploads\/2019\/04\/Trailer-TEDx-2019-VF.mp4\"><\/video><\/figure>\n\n\n<p style=\"text-align: center;\">\u00a0<\/p>\n<p><span style=\"color: #000000;\">Nous vous avions pr\u00e9venus, cette ann\u00e9e <a class=\"profileLink\" style=\"color: #000000;\" href=\"https:\/\/www.facebook.com\/tedxpantheonassas\/?__tn__=K-R&amp;eid=ARB2mTwW0UEGkwT-36wKv-fUFlg8oY2ymtaqj5PQAk3gbSQvX6dtefC70TWkoYIDT0sHCJrjnAiLUQUz&amp;fref=mentions&amp;__xts__%5B0%5D=68.ARDX6EsIuSe0cuFdTv12dvEesFs_ZoQRBGKHR9wc4RtysJNKaHzWgR5PKvzYVUnAdkb3kivGlBQFarmqYampRFMkW4KC_yhHXOdObES-2fYQophYQbsNEdq6BkAHyNQxYf_rvwcbDLBJ5Q8yBIXaMTzZf9tYz6IDVsNh-RSmVMbmBaVr8CGnO-OhqsZ3IVCcUZC32yT28PiBoZCMqQt7whWsfBMd8nyN1LFnp7lwpGxOB6i5eLWhDAARh1zMz27k1D9r7hEHhWCF_MwUj8EnMz_Dwv5NTwRJiaaBdX0FxpKXuuhsN4ulaN1ktJV2ib8kkkZsLW59JsAdkVHZQZc5czk\" data-hovercard=\"\/ajax\/hovercard\/page.php?id=245799372478635&amp;extragetparams=%7B%22__tn__%22%3A%22%2CdK-R-R%22%2C%22eid%22%3A%22ARB2mTwW0UEGkwT-36wKv-fUFlg8oY2ymtaqj5PQAk3gbSQvX6dtefC70TWkoYIDT0sHCJrjnAiLUQUz%22%2C%22fref%22%3A%22mentions%22%7D\" data-hovercard-prefer-more-content-show=\"1\">TEDx Panth\u00e9on Assas<\/a>\u00a0voit les choses en grand. C\u2019est pourquoi nous avons choisi de vous r\u00e9unir autour du th\u00e8me : <strong>UnlimiTED !<\/strong><\/span><\/p>\n<p><span style=\"color: #000000;\">Comme disait Georges Guynemer, \u00ab <\/span><em style=\"color: #000000;\">Il y a une limite \u00e0 toute chose, et il faut toujours la d\u00e9passer<\/em><span style=\"color: #000000;\"> \u00bb.\u00a0<\/span><\/p>\n<div class=\"text_exposed_show\">\n<p><span style=\"color: #000000;\">Depuis des d\u00e9cennies, l\u2019humanit\u00e9 avance \u00e0 toute vitesse. Sans que l\u2019on sache r\u00e9ellement ce qui nous attend, nous <strong>d\u00e9passons de nombreuses limites<\/strong> chaque jour. Qu\u2019elles soient technologiques, physiques, mentales, sportives ou culturelles, l\u2019homme repousse de plus en plus loin les barri\u00e8res qui semblaient hier s\u2019imposer \u00e0 lui.\u00a0<\/span><\/p>\n<p><span style=\"color: #000000;\">Seulement, cette qu\u00eate effr\u00e9n\u00e9e de d\u00e9passement de nos limites causera-t-elle notre effondrement ?<\/span><\/p>\n<p><span style=\"color: #000000;\">Simple r\u00e9flexion ou mise en garde, certaines voix s\u2019\u00e9l\u00e8vent et r\u00e9fl\u00e9chissent : la recherche de <strong>l\u2019UnlimiTED<\/strong> sera-t-elle notre plus grande limite\u2026ou continuerons-nous \u00e0 la repousser encore et encore ?\u00a0<\/span><\/p>\n<\/div>\n<div class=\"text_exposed_show\">\n<p><span style=\"color: #000000;\">Nous vous attendons nombreux le <strong>16 mai 2019 \u00e0 19h00 au Forum des Images<\/strong> pour vivre cette exp\u00e9rience UnlimiTED \u00e0 nos c\u00f4t\u00e9s !\u00a0<\/span><\/p>\n<p>\u00a0<\/p>\n<\/div>\n\n\n<figure class=\"wp-block-image is-resized\"><img decoding=\"async\" loading=\"lazy\" src=\"http:\/\/www.tedxpantheonassas.fr\/wp-content\/uploads\/2019\/04\/58430413_286644025595386_5271767172643815424_n-1.jpg\" alt=\"\" class=\"wp-image-421\" width=\"1148\" height=\"382\" srcset=\"https:\/\/www.tedxpantheonassas.fr\/wp-content\/uploads\/2019\/04\/58430413_286644025595386_5271767172643815424_n-1.jpg 750w, https:\/\/www.tedxpantheonassas.fr\/wp-content\/uploads\/2019\/04\/58430413_286644025595386_5271767172643815424_n-1-300x100.jpg 300w\" sizes=\"(max-width: 1148px) 100vw, 1148px\" \/><\/figure>\n","protected":false},"excerpt":{"rendered":"<p>\u00a0 Nous vous avions pr\u00e9venus, cette ann\u00e9e TEDx Panth\u00e9on Assas\u00a0voit les choses en grand. C\u2019est pourquoi nous avons choisi de vous r\u00e9unir autour du th\u00e8me : UnlimiTED ! Comme disait Georges Guynemer, \u00ab Il y a une limite \u00e0 toute chose, et il faut toujours la d\u00e9passer \u00bb.\u00a0 Depuis des d\u00e9cennies, l\u2019humanit\u00e9 avance \u00e0 toute<br \/><a class=\"moretag\" href=\"https:\/\/www.tedxpantheonassas.fr\/index.php\/2019-u\/\">+ Read More<\/a><\/p>\n","protected":false},"author":1,"featured_media":0,"parent":0,"menu_order":0,"comment_status":"closed","ping_status":"closed","template":"","meta":{"_mi_skip_tracking":false},"_links":{"self":[{"href":"https:\/\/www.tedxpantheonassas.fr\/index.php\/wp-json\/wp\/v2\/pages\/400"}],"collection":[{"href":"https:\/\/www.tedxpantheonassas.fr\/index.php\/wp-json\/wp\/v2\/pages"}],"about":[{"href":"https:\/\/www.tedxpantheonassas.fr\/index.php\/wp-json\/wp\/v2\/types\/page"}],"author":[{"embeddable":true,"href":"https:\/\/www.tedxpantheonassas.fr\/index.php\/wp-json\/wp\/v2\/users\/1"}],"replies":[{"embeddable":true,"href":"https:\/\/www.tedxpantheonassas.fr\/index.php\/wp-json\/wp\/v2\/comments?post=400"}],"version-history":[{"count":16,"href":"https:\/\/www.tedxpantheonassas.fr\/index.php\/wp-json\/wp\/v2\/pages\/400\/revisions"}],"predecessor-version":[{"id":691,"href":"https:\/\/www.tedxpantheonassas.fr\/index.php\/wp-json\/wp\/v2\/pages\/400\/revisions\/691"}],"wp:attachment":[{"href":"https:\/\/www.tedxpantheonassas.fr\/index.php\/wp-json\/wp\/v2\/media?parent=400"}],"curies":[{"name":"wp","href":"https:\/\/api.w.org\/{rel}","templated":true}]}}