{"id":518,"date":"2021-01-03T15:43:28","date_gmt":"2021-01-03T14:43:28","guid":{"rendered":"http:\/\/www.tedxpantheonassas.fr\/?page_id=518"},"modified":"2023-03-04T19:01:42","modified_gmt":"2023-03-04T18:01:42","slug":"lequipe-2020-2021","status":"publish","type":"page","link":"https:\/\/www.tedxpantheonassas.fr\/index.php\/lequipe-2020-2021\/","title":{"rendered":"\u00c9quipe 2020\/2021"},"content":{"rendered":"\n<p> <\/p>\n\n\n\n<p style=\"text-align:center\"> <div class=\"tmm tmm_bureau-2020-2021\"><div class=\"tmm_2_columns tmm_wrap tmm_plugin_f\"><span class=\"tmm_two_containers_tablet\"><\/span><div class=\"tmm_container\"><div class=\"tmm_member\" style=\"border-top:#dd0000 solid 5px;\"><div class=\"tmm_photo tmm_pic_bureau-2020-2021_0\" style=\"background: url(http:\/\/www.tedxpantheonassas.fr\/wp-content\/uploads\/2021\/01\/Pauline-Riera.jpg); margin-left: auto; margin-right:auto; background-size:cover !important;\"><\/div><div class=\"tmm_textblock\"><div class=\"tmm_names\"><span class=\"tmm_fname\">Pauline<\/span> <span class=\"tmm_lname\">Riera<\/span><\/div><div class=\"tmm_job\">Pr\u00e9sidente<\/div><div class=\"tmm_scblock\"><\/div><\/div><\/div><div class=\"tmm_member\" style=\"border-top:#dd0000 solid 5px;\"><div class=\"tmm_photo tmm_pic_bureau-2020-2021_1\" style=\"background: url(http:\/\/www.tedxpantheonassas.fr\/wp-content\/uploads\/2021\/01\/Mathieu-Duvacher.jpg); margin-left: auto; margin-right:auto; background-size:cover !important;\"><\/div><div class=\"tmm_textblock\"><div class=\"tmm_names\"><span class=\"tmm_fname\">Mathieu<\/span> <span class=\"tmm_lname\">Duvacher<\/span><\/div><div class=\"tmm_job\">Vice Pr\u00e9sident<\/div><div class=\"tmm_scblock\"><\/div><\/div><\/div><span class=\"tmm_two_containers_tablet\"><\/span><\/div><span class=\"tmm_columns_containers_desktop\"><\/span><div class=\"tmm_container\"><div class=\"tmm_member\" style=\"border-top:#dd0000 solid 5px;\"><div class=\"tmm_photo tmm_pic_bureau-2020-2021_2\" style=\"background: url(http:\/\/www.tedxpantheonassas.fr\/wp-content\/uploads\/2021\/01\/Agathe-Barret.jpg); margin-left: auto; margin-right:auto; background-size:cover !important;\"><\/div><div class=\"tmm_textblock\"><div class=\"tmm_names\"><span class=\"tmm_fname\">Agathe<\/span> <span class=\"tmm_lname\">Barret<\/span><\/div><div class=\"tmm_job\">Secr\u00e9taire g\u00e9n\u00e9rale<\/div><div class=\"tmm_scblock\"><\/div><\/div><\/div><div class=\"tmm_member\" style=\"border-top:#dd0000 solid 5px;\"><div class=\"tmm_photo tmm_pic_bureau-2020-2021_3\" style=\"background: url(http:\/\/www.tedxpantheonassas.fr\/wp-content\/uploads\/2021\/01\/Mehdi-Sanaa.jpg); margin-left: auto; margin-right:auto; background-size:cover !important;\"><\/div><div class=\"tmm_textblock\"><div class=\"tmm_names\"><span class=\"tmm_fname\">Mehdi<\/span> <span class=\"tmm_lname\">Sanaa<\/span><\/div><div class=\"tmm_job\">Tr\u00e9sorier<\/div><div class=\"tmm_scblock\"><\/div><\/div><\/div><div style=\"clear:both;\"><\/div><\/div><\/div><\/div><\/p>\n\n\n\n<p><\/p>\n","protected":false},"excerpt":{"rendered":"","protected":false},"author":1,"featured_media":0,"parent":0,"menu_order":0,"comment_status":"closed","ping_status":"closed","template":"","meta":{"_mi_skip_tracking":false},"_links":{"self":[{"href":"https:\/\/www.tedxpantheonassas.fr\/index.php\/wp-json\/wp\/v2\/pages\/518"}],"collection":[{"href":"https:\/\/www.tedxpantheonassas.fr\/index.php\/wp-json\/wp\/v2\/pages"}],"about":[{"href":"https:\/\/www.tedxpantheonassas.fr\/index.php\/wp-json\/wp\/v2\/types\/page"}],"author":[{"embeddable":true,"href":"https:\/\/www.tedxpantheonassas.fr\/index.php\/wp-json\/wp\/v2\/users\/1"}],"replies":[{"embeddable":true,"href":"https:\/\/www.tedxpantheonassas.fr\/index.php\/wp-json\/wp\/v2\/comments?post=518"}],"version-history":[{"count":3,"href":"https:\/\/www.tedxpantheonassas.fr\/index.php\/wp-json\/wp\/v2\/pages\/518\/revisions"}],"predecessor-version":[{"id":654,"href":"https:\/\/www.tedxpantheonassas.fr\/index.php\/wp-json\/wp\/v2\/pages\/518\/revisions\/654"}],"wp:attachment":[{"href":"https:\/\/www.tedxpantheonassas.fr\/index.php\/wp-json\/wp\/v2\/media?parent=518"}],"curies":[{"name":"wp","href":"https:\/\/api.w.org\/{rel}","templated":true}]}}