{"id":530,"date":"2021-08-09T12:45:44","date_gmt":"2021-08-09T10:45:44","guid":{"rendered":"http:\/\/www.tedxpantheonassas.fr\/?page_id=530"},"modified":"2023-12-02T18:10:19","modified_gmt":"2023-12-02T17:10:19","slug":"4eme-edition-act-agir-comprendre-transmettre","status":"publish","type":"page","link":"https:\/\/www.tedxpantheonassas.fr\/index.php\/accueil\/4eme-edition-act-agir-comprendre-transmettre\/","title":{"rendered":"4\u00e8me \u00e9dition &#8211; ACT : Agir, Comprendre, Transmettre"},"content":{"rendered":"\n<p class=\"has-very-dark-gray-color has-text-color\" style=\"font-size:-2px\">Pour cette quatri\u00e8me \u00e9dition, TEDxPanth\u00e9onAssas a r\u00e9uni 6 intervenants autour du th\u00e8me <strong>ACT : Agir, Comprendre, Transmettre. <\/strong><\/p>\n\n\n\n<p class=\"has-very-dark-gray-color has-text-color\">Apr\u00e8s avoir repouss\u00e9 les limites lors de notre troisi\u00e8me \u00e9dition, on vous propose cette fois-ci d&rsquo;agir ! <\/p>\n\n\n\n<p class=\"has-very-dark-gray-color has-text-color\">TEDxPanth\u00e9onAssas et sa team d&rsquo;\u00e9tudiants a aussi continu\u00e9 \u00e0 agir et ce TEDx en est la concr\u00e9tisation. Depuis un an nos r\u00e9unions ont eu le go\u00fbt de zoom, les \u00e9changes se sont fait sur discord, les r\u00e9p\u00e9titions en visioconf\u00e9rences et la diffusion des talks sur YouTube plut\u00f4t que dans un th\u00e9\u00e2tre&#8230; Vous pouvez donc retrouver sur notre chaine YouTube les TEDs de nos speakers qui ont fait de l&rsquo;action et de la transmission leur leitmotiv. Tous incarne le th\u00e8me ACT par leur v\u00e9cu, leur histoire, leur univers, leur combat. Tous agissent pour se r\u00e9v\u00e9ler et faire bouger les lignes, pour aller au-del\u00e0 des limites qu&rsquo;impose le corps ou la soci\u00e9t\u00e9, pour transmettre. Confront\u00e9s au racisme, au cyber harc\u00e8lement ou encore au handicap, chacun d&rsquo;eux transmet sur les r\u00e9seaux sociaux leur parcours, leur combat quotidien contre les pr\u00e9jug\u00e9s, contre la violence, contre la discrimination. <\/p>\n","protected":false},"excerpt":{"rendered":"<p>Pour cette quatri\u00e8me \u00e9dition, TEDxPanth\u00e9onAssas a r\u00e9uni 6 intervenants autour du th\u00e8me ACT : Agir, Comprendre, Transmettre. Apr\u00e8s avoir repouss\u00e9 les limites lors de notre troisi\u00e8me \u00e9dition, on vous propose cette fois-ci d&rsquo;agir ! TEDxPanth\u00e9onAssas et sa team d&rsquo;\u00e9tudiants a aussi continu\u00e9 \u00e0 agir et ce TEDx en est la concr\u00e9tisation. Depuis un an nos<br \/><a class=\"moretag\" href=\"https:\/\/www.tedxpantheonassas.fr\/index.php\/accueil\/4eme-edition-act-agir-comprendre-transmettre\/\">+ Read More<\/a><\/p>\n","protected":false},"author":1,"featured_media":531,"parent":4,"menu_order":0,"comment_status":"closed","ping_status":"closed","template":"template_parts\/page-fullwidth_template.php","meta":{"_mi_skip_tracking":false},"_links":{"self":[{"href":"https:\/\/www.tedxpantheonassas.fr\/index.php\/wp-json\/wp\/v2\/pages\/530"}],"collection":[{"href":"https:\/\/www.tedxpantheonassas.fr\/index.php\/wp-json\/wp\/v2\/pages"}],"about":[{"href":"https:\/\/www.tedxpantheonassas.fr\/index.php\/wp-json\/wp\/v2\/types\/page"}],"author":[{"embeddable":true,"href":"https:\/\/www.tedxpantheonassas.fr\/index.php\/wp-json\/wp\/v2\/users\/1"}],"replies":[{"embeddable":true,"href":"https:\/\/www.tedxpantheonassas.fr\/index.php\/wp-json\/wp\/v2\/comments?post=530"}],"version-history":[{"count":3,"href":"https:\/\/www.tedxpantheonassas.fr\/index.php\/wp-json\/wp\/v2\/pages\/530\/revisions"}],"predecessor-version":[{"id":638,"href":"https:\/\/www.tedxpantheonassas.fr\/index.php\/wp-json\/wp\/v2\/pages\/530\/revisions\/638"}],"up":[{"embeddable":true,"href":"https:\/\/www.tedxpantheonassas.fr\/index.php\/wp-json\/wp\/v2\/pages\/4"}],"wp:featuredmedia":[{"embeddable":true,"href":"https:\/\/www.tedxpantheonassas.fr\/index.php\/wp-json\/wp\/v2\/media\/531"}],"wp:attachment":[{"href":"https:\/\/www.tedxpantheonassas.fr\/index.php\/wp-json\/wp\/v2\/media?parent=530"}],"curies":[{"name":"wp","href":"https:\/\/api.w.org\/{rel}","templated":true}]}}