{"id":640,"date":"2023-03-04T15:23:50","date_gmt":"2023-03-04T14:23:50","guid":{"rendered":"https:\/\/www.tedxpantheonassas.fr\/?page_id=640"},"modified":"2023-03-04T18:53:10","modified_gmt":"2023-03-04T17:53:10","slug":"5eme-edition-aux-grands-mots-le-pouvoir-de-la-parole","status":"publish","type":"page","link":"https:\/\/www.tedxpantheonassas.fr\/index.php\/5eme-edition-aux-grands-mots-le-pouvoir-de-la-parole\/","title":{"rendered":"5\u00e8me \u00e9dition : Aux Grands Mots &#8211; le pouvoir de la parole"},"content":{"rendered":"\n<p>Pour sa 5\u00e8me \u00e9dition, intitul\u00e9e \u00ab\u00a0Aux Grands Mots\u00a0\u00bb, TEDxPanth\u00e9onAssas a eu l&rsquo;honneur d&rsquo;organiser sa conf\u00e9rence annuelle dans un lieu charg\u00e9 d&rsquo;histoire : le Panth\u00e9on. Cette \u00e9dition, d\u00e9di\u00e9e au pouvoir de la parole a mis en avant des th\u00e8mes divers : la rh\u00e9torique, l&rsquo;\u00e9loquence, le pouvoir et la force des mots, le d\u00e9bat et l&rsquo;\u00e9change.<\/p>\n\n\n\n<figure class=\"wp-block-video\"><video controls src=\"https:\/\/www.tedxpantheonassas.fr\/wp-content\/uploads\/2023\/03\/Video-recap-TEDx-2022.mp4\"><\/video><figcaption class=\"wp-element-caption\">Backstage 2022 &#8211; r\u00e9alisation Studio Wildbee<\/figcaption><\/figure>\n\n\n\n<p>Six speakers ont pris la parole, tour \u00e0 tour, pour partager leurs id\u00e9es et transmettre leur savoir autour de ce th\u00e8me inspirant : Pascal Blanchard, Kahina Bahloul, \u00c9lodie Laye Mielczareck, Rachel Khan, Olivier Courbier et Maxime Doliveux.<\/p>\n\n\n\n<p>TEDxPanth\u00e9onAssas remercie le Panth\u00e9on et le Centre des Monuments nationaux pour leur accueil ainsi que l&rsquo;ensemble des sponsors qui ont soutenu et contribu\u00e9 \u00e0 l&rsquo;organisation de cet \u00e9v\u00e8nement : MCE Carrel Avocats, Lyf, le Crous de Paris.<\/p>\n\n\n\n<figure class=\"wp-block-gallery has-nested-images columns-default is-cropped wp-block-gallery-1 is-layout-flex\">\n<figure class=\"wp-block-image size-large\"><img decoding=\"async\" loading=\"lazy\" width=\"718\" height=\"1024\" data-id=\"646\"  src=\"https:\/\/www.tedxpantheonassas.fr\/wp-content\/uploads\/2023\/03\/IMG_0691-4-718x1024.jpg\" alt=\"\" class=\"wp-image-646\" srcset=\"https:\/\/www.tedxpantheonassas.fr\/wp-content\/uploads\/2023\/03\/IMG_0691-4-718x1024.jpg 718w, https:\/\/www.tedxpantheonassas.fr\/wp-content\/uploads\/2023\/03\/IMG_0691-4-210x300.jpg 210w, https:\/\/www.tedxpantheonassas.fr\/wp-content\/uploads\/2023\/03\/IMG_0691-4-768x1095.jpg 768w, https:\/\/www.tedxpantheonassas.fr\/wp-content\/uploads\/2023\/03\/IMG_0691-4-1077x1536.jpg 1077w, https:\/\/www.tedxpantheonassas.fr\/wp-content\/uploads\/2023\/03\/IMG_0691-4-1436x2048.jpg 1436w, https:\/\/www.tedxpantheonassas.fr\/wp-content\/uploads\/2023\/03\/IMG_0691-4-scaled.jpg 1795w\" sizes=\"(max-width: 718px) 100vw, 718px\" \/><figcaption class=\"wp-element-caption\">Pascal Blanchard<\/figcaption><\/figure>\n\n\n\n<figure class=\"wp-block-image size-large\"><img decoding=\"async\" loading=\"lazy\" width=\"671\" height=\"1024\" data-id=\"634\"  src=\"http:\/\/www.tedxpantheonassas.fr\/wp-content\/uploads\/2023\/03\/IMG_0711-1-671x1024.jpg\" alt=\"\" class=\"wp-image-634\" srcset=\"https:\/\/www.tedxpantheonassas.fr\/wp-content\/uploads\/2023\/03\/IMG_0711-1-671x1024.jpg 671w, https:\/\/www.tedxpantheonassas.fr\/wp-content\/uploads\/2023\/03\/IMG_0711-1-197x300.jpg 197w, https:\/\/www.tedxpantheonassas.fr\/wp-content\/uploads\/2023\/03\/IMG_0711-1-768x1172.jpg 768w, https:\/\/www.tedxpantheonassas.fr\/wp-content\/uploads\/2023\/03\/IMG_0711-1-1007x1536.jpg 1007w, https:\/\/www.tedxpantheonassas.fr\/wp-content\/uploads\/2023\/03\/IMG_0711-1-1342x2048.jpg 1342w, https:\/\/www.tedxpantheonassas.fr\/wp-content\/uploads\/2023\/03\/IMG_0711-1-scaled.jpg 1678w\" sizes=\"(max-width: 671px) 100vw, 671px\" \/><figcaption class=\"wp-element-caption\">Kahina Bahloul<\/figcaption><\/figure>\n\n\n\n<figure class=\"wp-block-image size-large\"><img decoding=\"async\" loading=\"lazy\" width=\"683\" height=\"1024\" data-id=\"641\"  src=\"https:\/\/www.tedxpantheonassas.fr\/wp-content\/uploads\/2023\/03\/IMG_0723-2-683x1024.jpg\" alt=\"\" class=\"wp-image-641\" srcset=\"https:\/\/www.tedxpantheonassas.fr\/wp-content\/uploads\/2023\/03\/IMG_0723-2-683x1024.jpg 683w, https:\/\/www.tedxpantheonassas.fr\/wp-content\/uploads\/2023\/03\/IMG_0723-2-200x300.jpg 200w, https:\/\/www.tedxpantheonassas.fr\/wp-content\/uploads\/2023\/03\/IMG_0723-2-768x1152.jpg 768w, https:\/\/www.tedxpantheonassas.fr\/wp-content\/uploads\/2023\/03\/IMG_0723-2-scaled.jpg 1707w\" sizes=\"(max-width: 683px) 100vw, 683px\" \/><figcaption class=\"wp-element-caption\">Olivier Courbier<\/figcaption><\/figure>\n\n\n\n<figure class=\"wp-block-image size-large\"><img decoding=\"async\" loading=\"lazy\" width=\"683\" height=\"1024\" data-id=\"642\"  src=\"https:\/\/www.tedxpantheonassas.fr\/wp-content\/uploads\/2023\/03\/IMG_0627-4-683x1024.jpg\" alt=\"\" class=\"wp-image-642\" srcset=\"https:\/\/www.tedxpantheonassas.fr\/wp-content\/uploads\/2023\/03\/IMG_0627-4-683x1024.jpg 683w, https:\/\/www.tedxpantheonassas.fr\/wp-content\/uploads\/2023\/03\/IMG_0627-4-200x300.jpg 200w, https:\/\/www.tedxpantheonassas.fr\/wp-content\/uploads\/2023\/03\/IMG_0627-4-768x1152.jpg 768w, https:\/\/www.tedxpantheonassas.fr\/wp-content\/uploads\/2023\/03\/IMG_0627-4-1024x1536.jpg 1024w, https:\/\/www.tedxpantheonassas.fr\/wp-content\/uploads\/2023\/03\/IMG_0627-4-1365x2048.jpg 1365w, https:\/\/www.tedxpantheonassas.fr\/wp-content\/uploads\/2023\/03\/IMG_0627-4-scaled.jpg 1707w\" sizes=\"(max-width: 683px) 100vw, 683px\" \/><figcaption class=\"wp-element-caption\">Rachel Khan<\/figcaption><\/figure>\n\n\n\n<figure class=\"wp-block-image size-large\"><img decoding=\"async\" loading=\"lazy\" width=\"683\" height=\"1024\" data-id=\"635\"  src=\"https:\/\/www.tedxpantheonassas.fr\/wp-content\/uploads\/2023\/03\/IMG_0763-2-683x1024.jpg\" alt=\"\" class=\"wp-image-635\" srcset=\"https:\/\/www.tedxpantheonassas.fr\/wp-content\/uploads\/2023\/03\/IMG_0763-2-683x1024.jpg 683w, https:\/\/www.tedxpantheonassas.fr\/wp-content\/uploads\/2023\/03\/IMG_0763-2-200x300.jpg 200w, https:\/\/www.tedxpantheonassas.fr\/wp-content\/uploads\/2023\/03\/IMG_0763-2-768x1152.jpg 768w, https:\/\/www.tedxpantheonassas.fr\/wp-content\/uploads\/2023\/03\/IMG_0763-2-1024x1536.jpg 1024w, https:\/\/www.tedxpantheonassas.fr\/wp-content\/uploads\/2023\/03\/IMG_0763-2-1365x2048.jpg 1365w, https:\/\/www.tedxpantheonassas.fr\/wp-content\/uploads\/2023\/03\/IMG_0763-2-scaled.jpg 1707w\" sizes=\"(max-width: 683px) 100vw, 683px\" \/><figcaption class=\"wp-element-caption\">Maxime Doliveux<\/figcaption><\/figure>\n\n\n\n<figure class=\"wp-block-image size-large\"><img decoding=\"async\" loading=\"lazy\" width=\"683\" height=\"1024\" data-id=\"627\"  src=\"https:\/\/www.tedxpantheonassas.fr\/wp-content\/uploads\/2023\/03\/IMG_0807-1-683x1024.jpg\" alt=\"\" class=\"wp-image-627\" srcset=\"https:\/\/www.tedxpantheonassas.fr\/wp-content\/uploads\/2023\/03\/IMG_0807-1-683x1024.jpg 683w, https:\/\/www.tedxpantheonassas.fr\/wp-content\/uploads\/2023\/03\/IMG_0807-1-200x300.jpg 200w, https:\/\/www.tedxpantheonassas.fr\/wp-content\/uploads\/2023\/03\/IMG_0807-1-768x1152.jpg 768w, https:\/\/www.tedxpantheonassas.fr\/wp-content\/uploads\/2023\/03\/IMG_0807-1-scaled.jpg 1707w\" sizes=\"(max-width: 683px) 100vw, 683px\" \/><figcaption class=\"wp-element-caption\">\u00c9lodie Laye Mielczareck<\/figcaption><\/figure>\n<\/figure>\n","protected":false},"excerpt":{"rendered":"<p>Pour sa 5\u00e8me \u00e9dition, intitul\u00e9e \u00ab\u00a0Aux Grands Mots\u00a0\u00bb, TEDxPanth\u00e9onAssas a eu l&rsquo;honneur d&rsquo;organiser sa conf\u00e9rence annuelle dans un lieu charg\u00e9 d&rsquo;histoire : le Panth\u00e9on. Cette \u00e9dition, d\u00e9di\u00e9e au pouvoir de la parole a mis en avant des th\u00e8mes divers : la rh\u00e9torique, l&rsquo;\u00e9loquence, le pouvoir et la force des mots, le d\u00e9bat et l&rsquo;\u00e9change. Six<br \/><a class=\"moretag\" href=\"https:\/\/www.tedxpantheonassas.fr\/index.php\/5eme-edition-aux-grands-mots-le-pouvoir-de-la-parole\/\">+ Read More<\/a><\/p>\n","protected":false},"author":1,"featured_media":0,"parent":0,"menu_order":0,"comment_status":"closed","ping_status":"closed","template":"","meta":{"_mi_skip_tracking":false},"_links":{"self":[{"href":"https:\/\/www.tedxpantheonassas.fr\/index.php\/wp-json\/wp\/v2\/pages\/640"}],"collection":[{"href":"https:\/\/www.tedxpantheonassas.fr\/index.php\/wp-json\/wp\/v2\/pages"}],"about":[{"href":"https:\/\/www.tedxpantheonassas.fr\/index.php\/wp-json\/wp\/v2\/types\/page"}],"author":[{"embeddable":true,"href":"https:\/\/www.tedxpantheonassas.fr\/index.php\/wp-json\/wp\/v2\/users\/1"}],"replies":[{"embeddable":true,"href":"https:\/\/www.tedxpantheonassas.fr\/index.php\/wp-json\/wp\/v2\/comments?post=640"}],"version-history":[{"count":3,"href":"https:\/\/www.tedxpantheonassas.fr\/index.php\/wp-json\/wp\/v2\/pages\/640\/revisions"}],"predecessor-version":[{"id":652,"href":"https:\/\/www.tedxpantheonassas.fr\/index.php\/wp-json\/wp\/v2\/pages\/640\/revisions\/652"}],"wp:attachment":[{"href":"https:\/\/www.tedxpantheonassas.fr\/index.php\/wp-json\/wp\/v2\/media?parent=640"}],"curies":[{"name":"wp","href":"https:\/\/api.w.org\/{rel}","templated":true}]}}