{"id":663,"date":"2023-03-04T19:47:40","date_gmt":"2023-03-04T18:47:40","guid":{"rendered":"https:\/\/www.tedxpantheonassas.fr\/?page_id=663"},"modified":"2023-03-04T19:54:36","modified_gmt":"2023-03-04T18:54:36","slug":"qui-sommes-nous","status":"publish","type":"page","link":"https:\/\/www.tedxpantheonassas.fr\/index.php\/qui-sommes-nous\/","title":{"rendered":"QUI SOMMES-NOUS ?"},"content":{"rendered":"\n<figure class=\"wp-block-gallery has-nested-images columns-default is-cropped wp-block-gallery-1 is-layout-flex\">\n<figure class=\"wp-block-image size-large\"><img decoding=\"async\" loading=\"lazy\" width=\"683\" height=\"1024\" data-id=\"668\"  src=\"https:\/\/www.tedxpantheonassas.fr\/wp-content\/uploads\/2023\/03\/IMG_0788-683x1024.jpg\" alt=\"\" class=\"wp-image-668\" srcset=\"https:\/\/www.tedxpantheonassas.fr\/wp-content\/uploads\/2023\/03\/IMG_0788-683x1024.jpg 683w, https:\/\/www.tedxpantheonassas.fr\/wp-content\/uploads\/2023\/03\/IMG_0788-200x300.jpg 200w, https:\/\/www.tedxpantheonassas.fr\/wp-content\/uploads\/2023\/03\/IMG_0788-768x1152.jpg 768w, https:\/\/www.tedxpantheonassas.fr\/wp-content\/uploads\/2023\/03\/IMG_0788-1024x1536.jpg 1024w, https:\/\/www.tedxpantheonassas.fr\/wp-content\/uploads\/2023\/03\/IMG_0788-1365x2048.jpg 1365w, https:\/\/www.tedxpantheonassas.fr\/wp-content\/uploads\/2023\/03\/IMG_0788-scaled.jpg 1707w\" sizes=\"(max-width: 683px) 100vw, 683px\" \/><\/figure>\n\n\n\n<figure class=\"wp-block-image size-large\"><img decoding=\"async\" loading=\"lazy\" width=\"683\" height=\"1024\" data-id=\"669\"  src=\"https:\/\/www.tedxpantheonassas.fr\/wp-content\/uploads\/2023\/03\/IMG_0700-683x1024.jpg\" alt=\"\" class=\"wp-image-669\" srcset=\"https:\/\/www.tedxpantheonassas.fr\/wp-content\/uploads\/2023\/03\/IMG_0700-683x1024.jpg 683w, https:\/\/www.tedxpantheonassas.fr\/wp-content\/uploads\/2023\/03\/IMG_0700-200x300.jpg 200w, https:\/\/www.tedxpantheonassas.fr\/wp-content\/uploads\/2023\/03\/IMG_0700-768x1152.jpg 768w, https:\/\/www.tedxpantheonassas.fr\/wp-content\/uploads\/2023\/03\/IMG_0700-1024x1536.jpg 1024w, https:\/\/www.tedxpantheonassas.fr\/wp-content\/uploads\/2023\/03\/IMG_0700-1365x2048.jpg 1365w, https:\/\/www.tedxpantheonassas.fr\/wp-content\/uploads\/2023\/03\/IMG_0700-scaled.jpg 1707w\" sizes=\"(max-width: 683px) 100vw, 683px\" \/><\/figure>\n\n\n\n<figure class=\"wp-block-image size-large\"><img decoding=\"async\" loading=\"lazy\" width=\"653\" height=\"1024\" data-id=\"667\"  src=\"https:\/\/www.tedxpantheonassas.fr\/wp-content\/uploads\/2023\/03\/IMG_0731-1-653x1024.jpg\" alt=\"\" class=\"wp-image-667\" srcset=\"https:\/\/www.tedxpantheonassas.fr\/wp-content\/uploads\/2023\/03\/IMG_0731-1-653x1024.jpg 653w, https:\/\/www.tedxpantheonassas.fr\/wp-content\/uploads\/2023\/03\/IMG_0731-1-191x300.jpg 191w, https:\/\/www.tedxpantheonassas.fr\/wp-content\/uploads\/2023\/03\/IMG_0731-1-768x1205.jpg 768w, https:\/\/www.tedxpantheonassas.fr\/wp-content\/uploads\/2023\/03\/IMG_0731-1-979x1536.jpg 979w, https:\/\/www.tedxpantheonassas.fr\/wp-content\/uploads\/2023\/03\/IMG_0731-1-1306x2048.jpg 1306w, https:\/\/www.tedxpantheonassas.fr\/wp-content\/uploads\/2023\/03\/IMG_0731-1-scaled.jpg 1632w\" sizes=\"(max-width: 653px) 100vw, 653px\" \/><\/figure>\n<\/figure>\n\n\n\n<h2 class=\"wp-block-heading\">L&rsquo;association<\/h2>\n\n\n\n<p>TEDxPanth\u00e9onAssas est une association \u00e9tudiante relevant de la loi de 1901 dont l\u2019objet est d\u2019organiser des conf\u00e9rences sous licence TEDx au sein de l\u2019<a href=\"https:\/\/www.u-paris2.fr\/\">Universit\u00e9 Paris-Panth\u00e9on-Assas<\/a>.<\/p>\n\n\n\n<p>Compos\u00e9e d&rsquo;\u00e9tudiants d&rsquo;Assas de toutes fili\u00e8res, l&rsquo;association organise une conf\u00e9rence annuelle ouverte au grand public.<\/p>\n\n\n\n<h2 class=\"wp-block-heading\">Les p\u00f4les<\/h2>\n\n\n\n<p>Les membres de l&rsquo;association se regroupent au sein de quatre p\u00f4les :<\/p>\n\n\n\n<ul>\n<li>P\u00f4le Communication<\/li>\n\n\n\n<li>P\u00f4le Logistique<\/li>\n\n\n\n<li>P\u00f4le Partenariats &amp; Sponsors<\/li>\n\n\n\n<li>P\u00f4le Speakers<\/li>\n<\/ul>\n","protected":false},"excerpt":{"rendered":"<p>L&rsquo;association TEDxPanth\u00e9onAssas est une association \u00e9tudiante relevant de la loi de 1901 dont l\u2019objet est d\u2019organiser des conf\u00e9rences sous licence TEDx au sein de l\u2019Universit\u00e9 Paris-Panth\u00e9on-Assas. Compos\u00e9e d&rsquo;\u00e9tudiants d&rsquo;Assas de toutes fili\u00e8res, l&rsquo;association organise une conf\u00e9rence annuelle ouverte au grand public. Les p\u00f4les Les membres de l&rsquo;association se regroupent au sein de quatre p\u00f4les :<\/p>\n","protected":false},"author":1,"featured_media":0,"parent":0,"menu_order":0,"comment_status":"closed","ping_status":"closed","template":"","meta":{"_mi_skip_tracking":false},"_links":{"self":[{"href":"https:\/\/www.tedxpantheonassas.fr\/index.php\/wp-json\/wp\/v2\/pages\/663"}],"collection":[{"href":"https:\/\/www.tedxpantheonassas.fr\/index.php\/wp-json\/wp\/v2\/pages"}],"about":[{"href":"https:\/\/www.tedxpantheonassas.fr\/index.php\/wp-json\/wp\/v2\/types\/page"}],"author":[{"embeddable":true,"href":"https:\/\/www.tedxpantheonassas.fr\/index.php\/wp-json\/wp\/v2\/users\/1"}],"replies":[{"embeddable":true,"href":"https:\/\/www.tedxpantheonassas.fr\/index.php\/wp-json\/wp\/v2\/comments?post=663"}],"version-history":[{"count":3,"href":"https:\/\/www.tedxpantheonassas.fr\/index.php\/wp-json\/wp\/v2\/pages\/663\/revisions"}],"predecessor-version":[{"id":670,"href":"https:\/\/www.tedxpantheonassas.fr\/index.php\/wp-json\/wp\/v2\/pages\/663\/revisions\/670"}],"wp:attachment":[{"href":"https:\/\/www.tedxpantheonassas.fr\/index.php\/wp-json\/wp\/v2\/media?parent=663"}],"curies":[{"name":"wp","href":"https:\/\/api.w.org\/{rel}","templated":true}]}}