{"id":70,"date":"2016-09-16T15:16:35","date_gmt":"2016-09-16T13:16:35","guid":{"rendered":"http:\/\/www.tedxpantheonassas.fr\/?page_id=70"},"modified":"2023-12-03T16:08:07","modified_gmt":"2023-12-03T15:08:07","slug":"tedxpantheonassas","status":"publish","type":"page","link":"https:\/\/www.tedxpantheonassas.fr\/index.php\/tedxpantheonassas\/","title":{"rendered":"TEDx Panth\u00e9onAssas"},"content":{"rendered":"<p><span style=\"color: #000000;\">Les conf\u00e9rences TED (Technology, Entrainment and Design) sont organis\u00e9es au niveau international&nbsp;par la fondation The Sapling Fundation. Le but est de <strong>diffuser des id\u00e9es qui en valent la peine<\/strong>, \u00ab\u00a0ideas worth spreading\u00a0\u00bb en anglais.&nbsp;<\/span><\/p>\n<p><span style=\"color: #000000;\">Les premi\u00e8res conf\u00e9rences ont \u00e9t\u00e9 donn\u00e9es en Californie en 1984. Les deux principaux instigateurs sont <em>Richard Saul Wurman<\/em> et <em>Harry Marques.<\/em>&nbsp;<\/span><\/p>\n<p><span style=\"color: #000000;\">L&rsquo;objectif de TED est de<strong> propager des id\u00e9es<\/strong>. Les meilleures conf\u00e9rences sont mises \u00e0 disposition du grand public sur le site de ted.com. TED croit en <strong>la puissance des id\u00e9es pour changer le monde.<\/strong> Les conf\u00e9rences couvrent des sujets multiples et tr\u00e8s vari\u00e9s, tels que l&rsquo;art, la science, la politique, la musique, les probl\u00e9matiques mondiales contemporaines&#8230;&nbsp;<\/span><\/p>\n<p><span style=\"color: #000000;\">Le prix TED existe depuis 2005 et r\u00e9compense d&rsquo;un million de dollars le laur\u00e9at qui prononce un voeu pour changer le monde.&nbsp;<\/span><\/p>\n<p><span style=\"color: #000000;\"><strong>TEDx<\/strong> est un programme qui permet aux \u00e9coles et entreprises de vous faire profiter d&rsquo;une exp\u00e9rience semblable \u00e0 celle de TED en organisant les \u00e9v\u00e8nements eux-m\u00eames.&nbsp;Le \u00ab x \u00bb signifie qu\u2019il s\u2019agit d\u2019\u00e9v\u00e9nements qui sont organis\u00e9s ind\u00e9pendamment tout en respectant un certain nombre de crit\u00e8res d\u00e9finis par TED (notamment l&rsquo;\u00e9thique et la responsabilit\u00e9 environnementale).&nbsp;<\/span><\/p>\n<p><span style=\"color: #000000;\">Les TED talks se d\u00e9veloppent \u00e0 travers le monde depuis 2009. Des conf\u00e9rences dans plus de 100 langues sont donn\u00e9es chaque ann\u00e9e. La premi\u00e8re conf\u00e9rence francophone s&rsquo;est tenue \u00e0 Paris en mai 2009 \u00e0 l&rsquo;initiative de <em>Michel L\u00e9vy-Proven\u00e7al<\/em>, animateur du r\u00e9seau TED en France.&nbsp;<\/span><\/p>\n<p><span style=\"color: #000000;\">TEDxPanth\u00e9onAssas est <strong>une initiative \u00e9tudiante<\/strong>, d\u00e9velopp\u00e9e par<em> Romain Wu<\/em> et <em>Romain Brissonneau<\/em>, ayant pour objectif de permettre aux \u00e9tudiants de Paris II Panth\u00e9on-Assas d&rsquo;<strong>organiser puis&nbsp;assister \u00e0 une conf\u00e9rence<\/strong> op\u00e9r\u00e9e sur le mod\u00e8le de TED (ou de la visionner par la suite), et d&rsquo;ainsi b\u00e9n\u00e9ficier d&rsquo;un <strong>extraordinaire vivier de connaissances et d&rsquo;id\u00e9es<\/strong>&nbsp;sur un th\u00e8me donn\u00e9.&nbsp;<\/span><\/p>\n\n\n<figure class=\"wp-block-image size-large is-resized\"><img decoding=\"async\" loading=\"lazy\" src=\"https:\/\/www.tedxpantheonassas.fr\/wp-content\/uploads\/2023\/12\/3d4d04f2-09b3-42e8-8418-4dcd00bb3976-768x1024.png\" alt=\"\" class=\"wp-image-699\" width=\"840\" height=\"1120\"\/><\/figure>\n","protected":false},"excerpt":{"rendered":"<p>Les conf\u00e9rences TED (Technology, Entrainment and Design) sont organis\u00e9es au niveau international&nbsp;par la fondation The Sapling Fundation. Le but est de diffuser des id\u00e9es qui en valent la peine, \u00ab\u00a0ideas worth spreading\u00a0\u00bb en anglais.&nbsp; Les premi\u00e8res conf\u00e9rences ont \u00e9t\u00e9 donn\u00e9es en Californie en 1984. Les deux principaux instigateurs sont Richard Saul Wurman et Harry Marques.&nbsp;<br \/><a class=\"moretag\" href=\"https:\/\/www.tedxpantheonassas.fr\/index.php\/tedxpantheonassas\/\">+ Read More<\/a><\/p>\n","protected":false},"author":1,"featured_media":534,"parent":0,"menu_order":0,"comment_status":"closed","ping_status":"closed","template":"","meta":{"_mi_skip_tracking":false},"_links":{"self":[{"href":"https:\/\/www.tedxpantheonassas.fr\/index.php\/wp-json\/wp\/v2\/pages\/70"}],"collection":[{"href":"https:\/\/www.tedxpantheonassas.fr\/index.php\/wp-json\/wp\/v2\/pages"}],"about":[{"href":"https:\/\/www.tedxpantheonassas.fr\/index.php\/wp-json\/wp\/v2\/types\/page"}],"author":[{"embeddable":true,"href":"https:\/\/www.tedxpantheonassas.fr\/index.php\/wp-json\/wp\/v2\/users\/1"}],"replies":[{"embeddable":true,"href":"https:\/\/www.tedxpantheonassas.fr\/index.php\/wp-json\/wp\/v2\/comments?post=70"}],"version-history":[{"count":12,"href":"https:\/\/www.tedxpantheonassas.fr\/index.php\/wp-json\/wp\/v2\/pages\/70\/revisions"}],"predecessor-version":[{"id":704,"href":"https:\/\/www.tedxpantheonassas.fr\/index.php\/wp-json\/wp\/v2\/pages\/70\/revisions\/704"}],"wp:featuredmedia":[{"embeddable":true,"href":"https:\/\/www.tedxpantheonassas.fr\/index.php\/wp-json\/wp\/v2\/media\/534"}],"wp:attachment":[{"href":"https:\/\/www.tedxpantheonassas.fr\/index.php\/wp-json\/wp\/v2\/media?parent=70"}],"curies":[{"name":"wp","href":"https:\/\/api.w.org\/{rel}","templated":true}]}}