{"id":711,"date":"2023-12-10T17:31:53","date_gmt":"2023-12-10T16:31:53","guid":{"rendered":"https:\/\/www.tedxpantheonassas.fr\/?page_id=711"},"modified":"2024-04-17T16:39:12","modified_gmt":"2024-04-17T14:39:12","slug":"nos-partenaires","status":"publish","type":"page","link":"https:\/\/www.tedxpantheonassas.fr\/index.php\/accueil\/nos-partenaires\/","title":{"rendered":"NOS PARTENAIRES"},"content":{"rendered":"\n<h2 class=\"wp-block-heading\">Vous souhaitez soutenir et participer \u00e0 l\u2019aventure TEDx Panth\u00e9on Assas ?<\/h2>\n\n\n\n<div style=\"height:23px\" aria-hidden=\"true\" class=\"wp-block-spacer\"><\/div>\n\n\n\n<div class=\"wp-block-columns is-layout-flex wp-container-4\">\n<div class=\"wp-block-column is-layout-flow\" style=\"flex-basis:100%\">\n<div class=\"wp-block-group is-layout-constrained\"><div class=\"wp-block-group__inner-container\">\n<div class=\"wp-block-buttons is-layout-flex\">\n<div class=\"wp-block-button\"><a class=\"wp-block-button__link wp-element-button\" href=\"https:\/\/www.leetchi.com\/fr\/c\/aider-lassociation-tedx-pantheon-assas-dans-la-realisation-de-ses-projets-1477407?utm_source=native&amp;utm_medium=social_sharing\" target=\"_blank\" rel=\"noreferrer noopener\"><strong><mark style=\"background-color:rgba(0, 0, 0, 0)\" class=\"has-inline-color has-vivid-cyan-blue-color\">Cliquer ici pour acc\u00e9der \u00e0 la cagnotte et nous soutenir dans nos projets !!!<\/mark><\/strong><\/a><\/div>\n<\/div>\n<\/div><\/div>\n<\/div>\n<\/div>\n\n\n\n<p>Pour d\u00e9couvrir le fonctionnement du partenariat, voici une pr\u00e9sentation explicative : <\/p>\n\n\n\n<div class=\"wp-block-file\"><object class=\"wp-block-file__embed\" data=\"https:\/\/www.tedxpantheonassas.fr\/wp-content\/uploads\/2023\/12\/DOSSIER-PARTENAIRES-2023-2024.pdf\" type=\"application\/pdf\" style=\"width:100%;height:600px\" aria-label=\"Contenu embarqu\u00e9 Devenir partenaire de notre \u00e9dition 2023-2024.\"><\/object><a id=\"wp-block-file--media-4a312b99-3610-4df0-bac7-75f7ac760ad7\" href=\"https:\/\/www.tedxpantheonassas.fr\/wp-content\/uploads\/2023\/12\/DOSSIER-PARTENAIRES-2023-2024.pdf\">Devenir partenaire de notre \u00e9dition 2023-2024<\/a><a href=\"https:\/\/www.tedxpantheonassas.fr\/wp-content\/uploads\/2023\/12\/DOSSIER-PARTENAIRES-2023-2024.pdf\" class=\"wp-block-file__button wp-element-button\" download aria-describedby=\"wp-block-file--media-4a312b99-3610-4df0-bac7-75f7ac760ad7\">T\u00e9l\u00e9charger<\/a><\/div>\n\n\n\n<p>Vous pouvez aussi nous contacter \u00e0 l&rsquo;adresse mail suivante pour tout renseignements ou demande de partenariat. <\/p>\n\n\n\n<p class=\"has-text-align-center\"><strong><mark style=\"background-color:rgba(0, 0, 0, 0)\" class=\"has-inline-color has-vivid-red-color\">tedxpanth\u00e9onassas@gmail.com<\/mark><\/strong><\/p>\n\n\n\n<p><\/p>\n\n\n\n<h2 class=\"wp-block-heading\">Voici nos partenaires qui nous on fait confiance : <\/h2>\n\n\n\n<h2 class=\"wp-block-heading has-text-align-center\"><mark style=\"background-color:rgba(0, 0, 0, 0)\" class=\"has-inline-color has-vivid-red-color\">MERCI \u00c0 EUX<strong> <\/strong><\/mark><\/h2>\n\n\n\n<h2 class=\"wp-block-heading\">Edition 2023-2024 :<\/h2>\n\n\n\n<p><\/p>\n\n\n\n<p><\/p>\n\n\n\n<h2 class=\"wp-block-heading\">Edition 2022-2023 :<\/h2>\n\n\n\n<div class=\"wp-block-media-text alignwide is-stacked-on-mobile\"><figure class=\"wp-block-media-text__media\"><img decoding=\"async\" loading=\"lazy\" width=\"200\" height=\"80\" src=\"http:\/\/www.tedxpantheonassas.fr\/wp-content\/uploads\/2021\/09\/Logo-Wildbee.png\" alt=\"\" class=\"wp-image-599 size-full\"\/><\/figure><div class=\"wp-block-media-text__content\">\n<ul>\n<li>Wildbee pour la captation<\/li>\n\n\n\n<li><a href=\"https:\/\/wildbee.fr\">https:\/\/wildbee.fr<\/a><\/li>\n<\/ul>\n<\/div><\/div>\n\n\n\n<div class=\"wp-block-media-text alignwide is-stacked-on-mobile\"><figure class=\"wp-block-media-text__media\"><img decoding=\"async\" loading=\"lazy\" width=\"474\" height=\"113\" src=\"https:\/\/www.tedxpantheonassas.fr\/wp-content\/uploads\/2023\/12\/Capture-335.png.webp\" alt=\"\" class=\"wp-image-712 size-full\"\/><\/figure><div class=\"wp-block-media-text__content\">\n<ul>\n<li>Fondation Panth\u00e9on Assas<\/li>\n\n\n\n<li><a href=\"https:\/\/www.u-paris2.fr\/fr\/universite\/la-fondation-pantheon-assas\">https:\/\/www.u-paris2.fr\/fr\/universite\/la-fondation-pantheon-assas<\/a><\/li>\n<\/ul>\n<\/div><\/div>\n\n\n\n<div class=\"wp-block-media-text alignwide is-stacked-on-mobile\"><figure class=\"wp-block-media-text__media\"><img decoding=\"async\" loading=\"lazy\" width=\"600\" height=\"400\" src=\"https:\/\/www.tedxpantheonassas.fr\/wp-content\/uploads\/2023\/12\/notaires.jpg\" alt=\"\" class=\"wp-image-713 size-full\" srcset=\"https:\/\/www.tedxpantheonassas.fr\/wp-content\/uploads\/2023\/12\/notaires.jpg 600w, https:\/\/www.tedxpantheonassas.fr\/wp-content\/uploads\/2023\/12\/notaires-300x200.jpg 300w\" sizes=\"(max-width: 600px) 100vw, 600px\" \/><\/figure><div class=\"wp-block-media-text__content\">\n<ul>\n<li>Chambre des notaires de Paris<\/li>\n\n\n\n<li><a href=\"https:\/\/paris.notaires.fr\/fr\">https:\/\/paris.notaires.fr\/fr<\/a><\/li>\n<\/ul>\n<\/div><\/div>\n\n\n\n<h2 class=\"wp-block-heading\">Edition 2020-2021 :<\/h2>\n\n\n\n<div class=\"wp-block-media-text alignwide is-stacked-on-mobile\"><figure class=\"wp-block-media-text__media\"><img decoding=\"async\" loading=\"lazy\" width=\"579\" height=\"446\" src=\"http:\/\/www.tedxpantheonassas.fr\/wp-content\/uploads\/2021\/09\/Logo-KB.jpeg\" alt=\"\" class=\"wp-image-597 size-full\" srcset=\"https:\/\/www.tedxpantheonassas.fr\/wp-content\/uploads\/2021\/09\/Logo-KB.jpeg 579w, https:\/\/www.tedxpantheonassas.fr\/wp-content\/uploads\/2021\/09\/Logo-KB-300x231.jpeg 300w\" sizes=\"(max-width: 579px) 100vw, 579px\" \/><\/figure><div class=\"wp-block-media-text__content\">\n<ul>\n<li>KB Prestige Driver <\/li>\n<\/ul>\n<\/div><\/div>\n\n\n\n<div class=\"wp-block-media-text alignwide is-stacked-on-mobile\"><figure class=\"wp-block-media-text__media\"><img decoding=\"async\" loading=\"lazy\" width=\"752\" height=\"258\" src=\"http:\/\/www.tedxpantheonassas.fr\/wp-content\/uploads\/2021\/09\/Logo-prepa-dAs.png\" alt=\"\" class=\"wp-image-598 size-full\" srcset=\"https:\/\/www.tedxpantheonassas.fr\/wp-content\/uploads\/2021\/09\/Logo-prepa-dAs.png 752w, https:\/\/www.tedxpantheonassas.fr\/wp-content\/uploads\/2021\/09\/Logo-prepa-dAs-300x103.png 300w\" sizes=\"(max-width: 752px) 100vw, 752px\" \/><\/figure><div class=\"wp-block-media-text__content\">\n<ul>\n<li>La Pr\u00e9pa D&rsquo;AS<\/li>\n<\/ul>\n<\/div><\/div>\n\n\n\n<div class=\"wp-block-media-text alignwide is-stacked-on-mobile\"><figure class=\"wp-block-media-text__media\"><img decoding=\"async\" loading=\"lazy\" width=\"200\" height=\"80\" src=\"http:\/\/www.tedxpantheonassas.fr\/wp-content\/uploads\/2021\/09\/Logo-Wildbee.png\" alt=\"\" class=\"wp-image-599 size-full\"\/><\/figure><div class=\"wp-block-media-text__content\">\n<ul>\n<li>Wildbee pour la captation<\/li>\n\n\n\n<li><a href=\"https:\/\/wildbee.fr\">https:\/\/wildbee.fr<\/a><\/li>\n<\/ul>\n<\/div><\/div>\n","protected":false},"excerpt":{"rendered":"<p>Vous souhaitez soutenir et participer \u00e0 l\u2019aventure TEDx Panth\u00e9on Assas ? Pour d\u00e9couvrir le fonctionnement du partenariat, voici une pr\u00e9sentation explicative : Vous pouvez aussi nous contacter \u00e0 l&rsquo;adresse mail suivante pour tout renseignements ou demande de partenariat. tedxpanth\u00e9onassas@gmail.com Voici nos partenaires qui nous on fait confiance : MERCI \u00c0 EUX Edition 2023-2024 : Edition<br \/><a class=\"moretag\" href=\"https:\/\/www.tedxpantheonassas.fr\/index.php\/accueil\/nos-partenaires\/\">+ Read More<\/a><\/p>\n","protected":false},"author":1,"featured_media":0,"parent":4,"menu_order":0,"comment_status":"closed","ping_status":"closed","template":"","meta":{"_mi_skip_tracking":false},"_links":{"self":[{"href":"https:\/\/www.tedxpantheonassas.fr\/index.php\/wp-json\/wp\/v2\/pages\/711"}],"collection":[{"href":"https:\/\/www.tedxpantheonassas.fr\/index.php\/wp-json\/wp\/v2\/pages"}],"about":[{"href":"https:\/\/www.tedxpantheonassas.fr\/index.php\/wp-json\/wp\/v2\/types\/page"}],"author":[{"embeddable":true,"href":"https:\/\/www.tedxpantheonassas.fr\/index.php\/wp-json\/wp\/v2\/users\/1"}],"replies":[{"embeddable":true,"href":"https:\/\/www.tedxpantheonassas.fr\/index.php\/wp-json\/wp\/v2\/comments?post=711"}],"version-history":[{"count":8,"href":"https:\/\/www.tedxpantheonassas.fr\/index.php\/wp-json\/wp\/v2\/pages\/711\/revisions"}],"predecessor-version":[{"id":729,"href":"https:\/\/www.tedxpantheonassas.fr\/index.php\/wp-json\/wp\/v2\/pages\/711\/revisions\/729"}],"up":[{"embeddable":true,"href":"https:\/\/www.tedxpantheonassas.fr\/index.php\/wp-json\/wp\/v2\/pages\/4"}],"wp:attachment":[{"href":"https:\/\/www.tedxpantheonassas.fr\/index.php\/wp-json\/wp\/v2\/media?parent=711"}],"curies":[{"name":"wp","href":"https:\/\/api.w.org\/{rel}","templated":true}]}}